{"id":4165,"date":"2023-05-26T09:19:34","date_gmt":"2023-05-26T07:19:34","guid":{"rendered":"https:\/\/www.pastiolot.com\/qualitat\/"},"modified":"2023-10-20T10:56:59","modified_gmt":"2023-10-20T08:56:59","slug":"qualitat","status":"publish","type":"page","link":"https:\/\/www.pastiolot.com\/ca\/qualitat\/","title":{"rendered":"Qualitat"},"content":{"rendered":"\t\t<div data-elementor-type=\"wp-page\" data-elementor-id=\"4165\" class=\"elementor elementor-4165 elementor-1889\" data-elementor-post-type=\"page\">\n\t\t\t\t\t\t<section class=\"has_eae_slider elementor-section elementor-top-section elementor-element elementor-element-c5227cd elementor-section-height-min-height elementor-section-boxed elementor-section-height-default elementor-section-items-middle\" data-eae-slider=\"63227\" data-id=\"c5227cd\" data-element_type=\"section\" data-settings=\"{&quot;background_background&quot;:&quot;classic&quot;,&quot;background_motion_fx_motion_fx_scrolling&quot;:&quot;yes&quot;,&quot;background_motion_fx_scale_effect&quot;:&quot;yes&quot;,&quot;background_motion_fx_scale_speed&quot;:{&quot;unit&quot;:&quot;px&quot;,&quot;size&quot;:2,&quot;sizes&quot;:[]},&quot;background_motion_fx_scale_direction&quot;:&quot;out-in&quot;,&quot;background_motion_fx_scale_range&quot;:{&quot;unit&quot;:&quot;%&quot;,&quot;size&quot;:&quot;&quot;,&quot;sizes&quot;:{&quot;start&quot;:20,&quot;end&quot;:80}},&quot;background_motion_fx_devices&quot;:[&quot;desktop&quot;,&quot;tablet&quot;,&quot;mobile&quot;]}\">\n\t\t\t\t\t\t\t<div class=\"elementor-background-overlay\"><\/div>\n\t\t\t\t\t\t\t<div class=\"elementor-container elementor-column-gap-default\">\n\t\t\t\t\t<div class=\"has_eae_slider elementor-column elementor-col-100 elementor-top-column elementor-element elementor-element-734a6eb elementor-invisible\" data-eae-slider=\"73549\" data-id=\"734a6eb\" data-element_type=\"column\" data-settings=\"{&quot;animation&quot;:&quot;fadeInUp&quot;}\">\n\t\t\t<div class=\"elementor-widget-wrap elementor-element-populated\">\n\t\t\t\t\t\t<div class=\"elementor-element elementor-element-4031cfe elementor-widget elementor-widget-html\" data-id=\"4031cfe\" data-element_type=\"widget\" data-widget_type=\"html.default\">\n\t\t\t\t<div class=\"elementor-widget-container\">\n\t\t\t\t\t<div id=\"trigger\"><\/div>\t\t\t\t<\/div>\n\t\t\t\t<\/div>\n\t\t\t\t<div class=\"elementor-element elementor-element-990ebf0 elementor-widget elementor-widget-heading\" data-id=\"990ebf0\" data-element_type=\"widget\" data-widget_type=\"heading.default\">\n\t\t\t\t<div class=\"elementor-widget-container\">\n\t\t\t\t\t<h1 class=\"elementor-heading-title elementor-size-default\">Qualitat<\/h1>\t\t\t\t<\/div>\n\t\t\t\t<\/div>\n\t\t\t\t<div class=\"elementor-element elementor-element-14306fe elementor-widget elementor-widget-text-editor\" data-id=\"14306fe\" data-element_type=\"widget\" data-widget_type=\"text-editor.default\">\n\t\t\t\t<div class=\"elementor-widget-container\">\n\t\t\t\t\t\t\t\t\t<p>La qualitat, el nostre comprom\u00eds.<\/p>\n<p>A Pastiolot triem els ingredients minuciosament per a oferir la millor qualitat.<\/p>\n\t\t\t\t\t\t\t\t<\/div>\n\t\t\t\t<\/div>\n\t\t\t\t\t<\/div>\n\t\t<\/div>\n\t\t\t\t\t<\/div>\n\t\t<\/section>\n\t\t<div class=\"has_eae_slider elementor-element elementor-element-189fe9a e-flex e-con-boxed e-con e-parent\" data-eae-slider=\"6089\" data-id=\"189fe9a\" data-element_type=\"container\">\n\t\t\t\t\t<div class=\"e-con-inner\">\n\t\t<div class=\"has_eae_slider elementor-element elementor-element-28e0ad6 e-con-full e-flex e-con e-parent\" data-eae-slider=\"38725\" data-id=\"28e0ad6\" data-element_type=\"container\">\n\t\t<div class=\"has_eae_slider elementor-element elementor-element-2924c44 e-flex e-con-boxed e-con e-parent\" data-eae-slider=\"67251\" data-id=\"2924c44\" data-element_type=\"container\" data-settings=\"{&quot;sticky&quot;:&quot;top&quot;,&quot;sticky_offset&quot;:104,&quot;sticky_parent&quot;:&quot;yes&quot;,&quot;sticky_on&quot;:[&quot;desktop&quot;,&quot;tablet&quot;,&quot;mobile&quot;],&quot;sticky_effects_offset&quot;:0,&quot;sticky_anchor_link_offset&quot;:0}\">\n\t\t\t\t\t<div class=\"e-con-inner\">\n\t\t\t\t<div class=\"elementor-element elementor-element-f7405b8 elementor-widget elementor-widget-text-editor\" data-id=\"f7405b8\" data-element_type=\"widget\" data-widget_type=\"text-editor.default\">\n\t\t\t\t<div class=\"elementor-widget-container\">\n\t\t\t\t\t\t\t\t\t<p>El Nostre<\/p>\n\t\t\t\t\t\t\t\t<\/div>\n\t\t\t\t<\/div>\n\t\t\t\t<div class=\"elementor-element elementor-element-0fdd92b elementor-widget elementor-widget-heading\" data-id=\"0fdd92b\" data-element_type=\"widget\" data-widget_type=\"heading.default\">\n\t\t\t\t<div class=\"elementor-widget-container\">\n\t\t\t\t\t<h2 class=\"elementor-heading-title elementor-size-default\">Comprom\u00eds<\/h2>\t\t\t\t<\/div>\n\t\t\t\t<\/div>\n\t\t\t\t\t<\/div>\n\t\t\t\t<\/div>\n\t\t\t\t<\/div>\n\t\t<div class=\"has_eae_slider elementor-element elementor-element-aa99ce9 e-con-full e-flex e-con e-parent\" data-eae-slider=\"20728\" data-id=\"aa99ce9\" data-element_type=\"container\">\n\t\t\t\t<div class=\"elementor-element elementor-element-c4abc01 elementor-widget elementor-widget-text-editor\" data-id=\"c4abc01\" data-element_type=\"widget\" data-widget_type=\"text-editor.default\">\n\t\t\t\t<div class=\"elementor-widget-container\">\n\t\t\t\t\t\t\t\t\t<p>Ferm comprom\u00eds amb la qualitat i amb la seguretat aliment\u00e0ria, amb l&#8217;objectiu d\u2019oferir els m\u00e9s alts est\u00e0ndards de qualitat i seguretat aliment\u00e0ria en els nostres productes, treballem complint les normes europees de seguretat aliment\u00e0ria (IFS).<\/p>\n\t\t\t\t\t\t\t\t<\/div>\n\t\t\t\t<\/div>\n\t\t\t\t<div class=\"elementor-element elementor-element-70ec5e3 elementor-position-left elementor-vertical-align-top elementor-widget elementor-widget-image-box\" data-id=\"70ec5e3\" data-element_type=\"widget\" data-widget_type=\"image-box.default\">\n\t\t\t\t<div class=\"elementor-widget-container\">\n\t\t\t\t\t<div class=\"elementor-image-box-wrapper\"><figure class=\"elementor-image-box-img\"><img fetchpriority=\"high\" decoding=\"async\" width=\"1000\" height=\"857\" src=\"https:\/\/www.pastiolot.com\/wp-content\/uploads\/2023\/05\/calidad2.gif\" class=\"attachment-full size-full wp-image-1910\" alt=\"\" \/><\/figure><div class=\"elementor-image-box-content\"><p class=\"elementor-image-box-description\"><b>Comprom\u00eds amb la qualitat dels nostres productes<\/b>: a partir de l'aplicaci\u00f3 de controls de qualitat en cada pas del nostre proc\u00e9s productiu des de les mat\u00e8ries primeres fins a l'elaboraci\u00f3 i distribuci\u00f3 dels nostres productes.<\/p><\/div><\/div>\t\t\t\t<\/div>\n\t\t\t\t<\/div>\n\t\t\t\t<div class=\"elementor-element elementor-element-f8226b9 elementor-position-left elementor-vertical-align-top elementor-widget elementor-widget-image-box\" data-id=\"f8226b9\" data-element_type=\"widget\" data-widget_type=\"image-box.default\">\n\t\t\t\t<div class=\"elementor-widget-container\">\n\t\t\t\t\t<div class=\"elementor-image-box-wrapper\"><figure class=\"elementor-image-box-img\"><img decoding=\"async\" width=\"1000\" height=\"857\" src=\"https:\/\/www.pastiolot.com\/wp-content\/uploads\/2023\/05\/clientes2.gif\" class=\"attachment-full size-full wp-image-1911\" alt=\"\" \/><\/figure><div class=\"elementor-image-box-content\"><p class=\"elementor-image-box-description\"><b>Comprom\u00eds amb els nostres clients<\/b> per a adaptar-nos a les seves necessitats mantenint la millor qualitat dels nostres productes.<\/p><\/div><\/div>\t\t\t\t<\/div>\n\t\t\t\t<\/div>\n\t\t\t\t<div class=\"elementor-element elementor-element-933e9f0 elementor-position-left elementor-vertical-align-top elementor-widget elementor-widget-image-box\" data-id=\"933e9f0\" data-element_type=\"widget\" data-widget_type=\"image-box.default\">\n\t\t\t\t<div class=\"elementor-widget-container\">\n\t\t\t\t\t<div class=\"elementor-image-box-wrapper\"><figure class=\"elementor-image-box-img\"><img decoding=\"async\" width=\"1000\" height=\"857\" src=\"https:\/\/www.pastiolot.com\/wp-content\/uploads\/2023\/05\/llei2.gif\" class=\"attachment-full size-full wp-image-1912\" alt=\"\" \/><\/figure><div class=\"elementor-image-box-content\"><p class=\"elementor-image-box-description\"><b>Comprom\u00eds amb les normes legals europees i espanyoles<\/b>, assegurant el ple compliment de les lleis i regulacions aplicables als nostres productes i processos i promovent el principi de transpar\u00e8ncia en la informaci\u00f3 relativa a la nostra empresa i productes.<\/p><\/div><\/div>\t\t\t\t<\/div>\n\t\t\t\t<\/div>\n\t\t\t\t<\/div>\n\t\t\t\t\t<\/div>\n\t\t\t\t<\/div>\n\t\t<div class=\"has_eae_slider elementor-element elementor-element-9e01503 e-con-full e-flex e-con e-parent\" data-eae-slider=\"91370\" data-id=\"9e01503\" data-element_type=\"container\" data-settings=\"{&quot;background_background&quot;:&quot;classic&quot;}\">\n\t\t\t\t<\/div>\n\t\t<div class=\"has_eae_slider elementor-element elementor-element-8da409d e-flex e-con-boxed e-con e-parent\" data-eae-slider=\"2425\" data-id=\"8da409d\" data-element_type=\"container\" data-settings=\"{&quot;background_background&quot;:&quot;classic&quot;}\">\n\t\t\t\t\t<div class=\"e-con-inner\">\n\t\t<div class=\"has_eae_slider elementor-element elementor-element-3f9330e e-con-full e-flex e-con e-parent\" data-eae-slider=\"8220\" data-id=\"3f9330e\" data-element_type=\"container\" data-settings=\"{&quot;motion_fx_motion_fx_scrolling&quot;:&quot;yes&quot;,&quot;motion_fx_translateY_effect&quot;:&quot;yes&quot;,&quot;motion_fx_translateY_speed&quot;:{&quot;unit&quot;:&quot;px&quot;,&quot;size&quot;:2,&quot;sizes&quot;:[]},&quot;motion_fx_translateY_affectedRange&quot;:{&quot;unit&quot;:&quot;%&quot;,&quot;size&quot;:&quot;&quot;,&quot;sizes&quot;:{&quot;start&quot;:0,&quot;end&quot;:100}},&quot;motion_fx_devices&quot;:[&quot;desktop&quot;,&quot;tablet&quot;,&quot;mobile&quot;]}\">\n\t\t\t\t<div class=\"elementor-element elementor-element-7d37428 elementor-widget__width-inherit elementor-widget elementor-widget-text-editor\" data-id=\"7d37428\" data-element_type=\"widget\" data-widget_type=\"text-editor.default\">\n\t\t\t\t<div class=\"elementor-widget-container\">\n\t\t\t\t\t\t\t\t\t<p><strong>Pastiolot disposa de la certificaci\u00f3 IFS \u2013 est\u00e0ndard de qualitat reconegut a nivell mundial.<\/strong><\/p>\n<p>\u00c9s una de les m\u00e9s exigents que existeixen actualment, reconeguda per la GSFI\u00a0(\u00abGlobal Food Safety Initiative\u00bb).<\/p>\n<p>Es va crear per la necessitat de disposar d&#8217;una norma comuna de qualitat i seguretat aliment\u00e0ria reconeguda internacionalment.<\/p>\n\t\t\t\t\t\t\t\t<\/div>\n\t\t\t\t<\/div>\n\t\t<div class=\"has_eae_slider elementor-element elementor-element-82351e1 e-flex e-con-boxed e-con e-parent\" data-eae-slider=\"1484\" data-id=\"82351e1\" data-element_type=\"container\">\n\t\t\t\t\t<div class=\"e-con-inner\">\n\t\t\t\t<div class=\"elementor-element elementor-element-f006c1b elementor-align-center elementor-widget__width-auto elementor-hidden-desktop elementor-hidden-tablet elementor-hidden-mobile elementor-widget elementor-widget-button\" data-id=\"f006c1b\" data-element_type=\"widget\" data-settings=\"{&quot;motion_fx_motion_fx_scrolling&quot;:&quot;yes&quot;,&quot;motion_fx_scale_effect&quot;:&quot;yes&quot;,&quot;motion_fx_scale_speed&quot;:{&quot;unit&quot;:&quot;px&quot;,&quot;size&quot;:1,&quot;sizes&quot;:[]},&quot;motion_fx_scale_direction&quot;:&quot;out-in&quot;,&quot;motion_fx_scale_range&quot;:{&quot;unit&quot;:&quot;%&quot;,&quot;size&quot;:&quot;&quot;,&quot;sizes&quot;:{&quot;start&quot;:20,&quot;end&quot;:80}},&quot;motion_fx_devices&quot;:[&quot;desktop&quot;,&quot;tablet&quot;,&quot;mobile&quot;]}\" data-widget_type=\"button.default\">\n\t\t\t\t<div class=\"elementor-widget-container\">\n\t\t\t\t\t\t\t\t\t<div class=\"elementor-button-wrapper\">\n\t\t\t\t\t<a class=\"elementor-button elementor-button-link elementor-size-sm\" href=\"https:\/\/www.pastiolot.com\/wp-content\/uploads\/2023\/06\/POLITICA-PASTIOLOT-V6.pdf\" target=\"_blank\">\n\t\t\t\t\t\t<span class=\"elementor-button-content-wrapper\">\n\t\t\t\t\t\t\t\t\t<span class=\"elementor-button-text\">Pol\u00edtica de qualitat<\/span>\n\t\t\t\t\t<\/span>\n\t\t\t\t\t<\/a>\n\t\t\t\t<\/div>\n\t\t\t\t\t\t\t\t<\/div>\n\t\t\t\t<\/div>\n\t\t\t\t<div class=\"elementor-element elementor-element-8bc2353 elementor-align-center elementor-widget__width-auto elementor-widget elementor-widget-button\" data-id=\"8bc2353\" data-element_type=\"widget\" data-settings=\"{&quot;motion_fx_motion_fx_scrolling&quot;:&quot;yes&quot;,&quot;motion_fx_scale_effect&quot;:&quot;yes&quot;,&quot;motion_fx_scale_speed&quot;:{&quot;unit&quot;:&quot;px&quot;,&quot;size&quot;:1,&quot;sizes&quot;:[]},&quot;motion_fx_scale_direction&quot;:&quot;out-in&quot;,&quot;motion_fx_scale_range&quot;:{&quot;unit&quot;:&quot;%&quot;,&quot;size&quot;:&quot;&quot;,&quot;sizes&quot;:{&quot;start&quot;:20,&quot;end&quot;:80}},&quot;motion_fx_devices&quot;:[&quot;desktop&quot;,&quot;tablet&quot;,&quot;mobile&quot;]}\" data-widget_type=\"button.default\">\n\t\t\t\t<div class=\"elementor-widget-container\">\n\t\t\t\t\t\t\t\t\t<div class=\"elementor-button-wrapper\">\n\t\t\t\t\t<a class=\"elementor-button elementor-button-link elementor-size-sm\" href=\"https:\/\/www.pastiolot.com\/wp-content\/uploads\/2023\/06\/certificate_346842_en.pdf\" target=\"_blank\">\n\t\t\t\t\t\t<span class=\"elementor-button-content-wrapper\">\n\t\t\t\t\t\t\t\t\t<span class=\"elementor-button-text\">Certificat IFS<\/span>\n\t\t\t\t\t<\/span>\n\t\t\t\t\t<\/a>\n\t\t\t\t<\/div>\n\t\t\t\t\t\t\t\t<\/div>\n\t\t\t\t<\/div>\n\t\t\t\t\t<\/div>\n\t\t\t\t<\/div>\n\t\t\t\t<\/div>\n\t\t<div class=\"has_eae_slider elementor-element elementor-element-7ab6da7 e-flex e-con-boxed e-con e-parent\" data-eae-slider=\"3870\" data-id=\"7ab6da7\" data-element_type=\"container\" data-settings=\"{&quot;motion_fx_motion_fx_scrolling&quot;:&quot;yes&quot;,&quot;motion_fx_translateY_effect&quot;:&quot;yes&quot;,&quot;motion_fx_translateY_speed&quot;:{&quot;unit&quot;:&quot;px&quot;,&quot;size&quot;:2,&quot;sizes&quot;:[]},&quot;motion_fx_translateY_affectedRange&quot;:{&quot;unit&quot;:&quot;%&quot;,&quot;size&quot;:&quot;&quot;,&quot;sizes&quot;:{&quot;start&quot;:0,&quot;end&quot;:100}},&quot;motion_fx_devices&quot;:[&quot;desktop&quot;,&quot;tablet&quot;,&quot;mobile&quot;]}\">\n\t\t\t\t\t<div class=\"e-con-inner\">\n\t\t\t\t<div class=\"elementor-element elementor-element-9c4fbec elementor-widget elementor-widget-image\" data-id=\"9c4fbec\" data-element_type=\"widget\" data-widget_type=\"image.default\">\n\t\t\t\t<div class=\"elementor-widget-container\">\n\t\t\t\t\t\t\t\t\t\t\t\t\t\t\t<img loading=\"lazy\" decoding=\"async\" width=\"552\" height=\"314\" src=\"https:\/\/www.pastiolot.com\/wp-content\/uploads\/2023\/05\/IFS_Food_Box_RGB2.png\" class=\"attachment-full size-full wp-image-3953\" alt=\"\" srcset=\"https:\/\/www.pastiolot.com\/wp-content\/uploads\/2023\/05\/IFS_Food_Box_RGB2.png 552w, https:\/\/www.pastiolot.com\/wp-content\/uploads\/2023\/05\/IFS_Food_Box_RGB2-300x171.png 300w\" sizes=\"(max-width: 552px) 100vw, 552px\" \/>\t\t\t\t\t\t\t\t\t\t\t\t\t\t\t<\/div>\n\t\t\t\t<\/div>\n\t\t\t\t\t<\/div>\n\t\t\t\t<\/div>\n\t\t\t\t\t<\/div>\n\t\t\t\t<\/div>\n\t\t\t\t<\/div>\n\t\t","protected":false},"excerpt":{"rendered":"<p>La qualitat, el nostre comprom\u00eds. A Pastiolot triem els ingredients minuciosament per a oferir la millor qualitat. El Nostre Comprom\u00eds Ferm comprom\u00eds amb la qualitat i amb la seguretat aliment\u00e0ria, amb l&#8217;objectiu d\u2019oferir els m\u00e9s alts est\u00e0ndards de qualitat i seguretat aliment\u00e0ria en els nostres productes, treballem complint les normes europees de seguretat aliment\u00e0ria (IFS).&hellip;&nbsp;<a href=\"https:\/\/www.pastiolot.com\/ca\/qualitat\/\" rel=\"bookmark\"><span class=\"screen-reader-text\">Qualitat<\/span><\/a><\/p>\n","protected":false},"author":1,"featured_media":0,"parent":0,"menu_order":0,"comment_status":"closed","ping_status":"closed","template":"elementor_header_footer","meta":{"_acf_changed":false,"neve_meta_sidebar":"","neve_meta_container":"","neve_meta_enable_content_width":"off","neve_meta_content_width":100,"neve_meta_title_alignment":"","neve_meta_author_avatar":"","neve_post_elements_order":"","neve_meta_disable_header":"","neve_meta_disable_footer":"","neve_meta_disable_title":"","footnotes":""},"class_list":["post-4165","page","type-page","status-publish","hentry"],"acf":[],"yoast_head":"<!-- This site is optimized with the Yoast SEO plugin v25.6 - https:\/\/yoast.com\/wordpress\/plugins\/seo\/ -->\n<title>Qualitat |\u00a0Pastiolot<\/title>\n<meta name=\"description\" content=\"Pastiolot disposa de la certificaci\u00f3 IFS \u2013 est\u00e0ndard de qualitat reconegut mundialment. La qualitat, el nostre comprom\u00eds.\" \/>\n<meta name=\"robots\" content=\"index, follow, max-snippet:-1, max-image-preview:large, max-video-preview:-1\" \/>\n<link rel=\"canonical\" href=\"https:\/\/www.pastiolot.com\/calidad\/\" \/>\n<meta property=\"og:locale\" content=\"ca_ES\" \/>\n<meta property=\"og:type\" content=\"article\" \/>\n<meta property=\"og:title\" content=\"Qualitat |\u00a0Pastiolot\" \/>\n<meta property=\"og:description\" content=\"Pastiolot disposa de la certificaci\u00f3 IFS \u2013 est\u00e0ndard de qualitat reconegut mundialment. La qualitat, el nostre comprom\u00eds.\" \/>\n<meta property=\"og:url\" content=\"https:\/\/www.pastiolot.com\/calidad\/\" \/>\n<meta property=\"og:site_name\" content=\"PASTIOLOT\" \/>\n<meta property=\"article:modified_time\" content=\"2023-10-20T08:56:59+00:00\" \/>\n<meta property=\"og:image\" content=\"https:\/\/www.pastiolot.com\/wp-content\/uploads\/2023\/05\/calidad2.gif\" \/>\n<meta name=\"twitter:card\" content=\"summary_large_image\" \/>\n<meta name=\"twitter:label1\" content=\"Temps estimat de lectura\" \/>\n\t<meta name=\"twitter:data1\" content=\"2 minuts\" \/>\n<script type=\"application\/ld+json\" class=\"yoast-schema-graph\">{\"@context\":\"https:\/\/schema.org\",\"@graph\":[{\"@type\":\"WebPage\",\"@id\":\"https:\/\/www.pastiolot.com\/calidad\/\",\"url\":\"https:\/\/www.pastiolot.com\/calidad\/\",\"name\":\"Qualitat |\u00a0Pastiolot\",\"isPartOf\":{\"@id\":\"https:\/\/www.pastiolot.com\/#website\"},\"primaryImageOfPage\":{\"@id\":\"https:\/\/www.pastiolot.com\/calidad\/#primaryimage\"},\"image\":{\"@id\":\"https:\/\/www.pastiolot.com\/calidad\/#primaryimage\"},\"thumbnailUrl\":\"https:\/\/www.pastiolot.com\/wp-content\/uploads\/2023\/05\/calidad2.gif\",\"datePublished\":\"2023-05-26T07:19:34+00:00\",\"dateModified\":\"2023-10-20T08:56:59+00:00\",\"description\":\"Pastiolot disposa de la certificaci\u00f3 IFS \u2013 est\u00e0ndard de qualitat reconegut mundialment. La qualitat, el nostre comprom\u00eds.\",\"inLanguage\":\"ca\",\"potentialAction\":[{\"@type\":\"ReadAction\",\"target\":[\"https:\/\/www.pastiolot.com\/calidad\/\"]}]},{\"@type\":\"ImageObject\",\"inLanguage\":\"ca\",\"@id\":\"https:\/\/www.pastiolot.com\/calidad\/#primaryimage\",\"url\":\"https:\/\/www.pastiolot.com\/wp-content\/uploads\/2023\/05\/calidad2.gif\",\"contentUrl\":\"https:\/\/www.pastiolot.com\/wp-content\/uploads\/2023\/05\/calidad2.gif\"},{\"@type\":\"WebSite\",\"@id\":\"https:\/\/www.pastiolot.com\/#website\",\"url\":\"https:\/\/www.pastiolot.com\/\",\"name\":\"PASTIOLOT\",\"description\":\"Maestros pasteleros desde 1988\",\"publisher\":{\"@id\":\"https:\/\/www.pastiolot.com\/#organization\"},\"potentialAction\":[{\"@type\":\"SearchAction\",\"target\":{\"@type\":\"EntryPoint\",\"urlTemplate\":\"https:\/\/www.pastiolot.com\/?s={search_term_string}\"},\"query-input\":{\"@type\":\"PropertyValueSpecification\",\"valueRequired\":true,\"valueName\":\"search_term_string\"}}],\"inLanguage\":\"ca\"},{\"@type\":\"Organization\",\"@id\":\"https:\/\/www.pastiolot.com\/#organization\",\"name\":\"PASTIOLOT\",\"url\":\"https:\/\/www.pastiolot.com\/\",\"logo\":{\"@type\":\"ImageObject\",\"inLanguage\":\"ca\",\"@id\":\"https:\/\/www.pastiolot.com\/#\/schema\/logo\/image\/\",\"url\":\"https:\/\/www.pastiolot.com\/wp-content\/uploads\/2023\/03\/logo_pastiolot_v.svg\",\"contentUrl\":\"https:\/\/www.pastiolot.com\/wp-content\/uploads\/2023\/03\/logo_pastiolot_v.svg\",\"width\":622,\"height\":455,\"caption\":\"PASTIOLOT\"},\"image\":{\"@id\":\"https:\/\/www.pastiolot.com\/#\/schema\/logo\/image\/\"},\"sameAs\":[\"https:\/\/www.instagram.com\/pastiolot\/\",\"https:\/\/www.linkedin.com\/company\/pastiolot\/\"]}]}<\/script>\n<!-- \/ Yoast SEO plugin. -->","yoast_head_json":{"title":"Qualitat |\u00a0Pastiolot","description":"Pastiolot disposa de la certificaci\u00f3 IFS \u2013 est\u00e0ndard de qualitat reconegut mundialment. La qualitat, el nostre comprom\u00eds.","robots":{"index":"index","follow":"follow","max-snippet":"max-snippet:-1","max-image-preview":"max-image-preview:large","max-video-preview":"max-video-preview:-1"},"canonical":"https:\/\/www.pastiolot.com\/calidad\/","og_locale":"ca_ES","og_type":"article","og_title":"Qualitat |\u00a0Pastiolot","og_description":"Pastiolot disposa de la certificaci\u00f3 IFS \u2013 est\u00e0ndard de qualitat reconegut mundialment. La qualitat, el nostre comprom\u00eds.","og_url":"https:\/\/www.pastiolot.com\/calidad\/","og_site_name":"PASTIOLOT","article_modified_time":"2023-10-20T08:56:59+00:00","og_image":[{"url":"https:\/\/www.pastiolot.com\/wp-content\/uploads\/2023\/05\/calidad2.gif","type":"","width":"","height":""}],"twitter_card":"summary_large_image","twitter_misc":{"Temps estimat de lectura":"2 minuts"},"schema":{"@context":"https:\/\/schema.org","@graph":[{"@type":"WebPage","@id":"https:\/\/www.pastiolot.com\/calidad\/","url":"https:\/\/www.pastiolot.com\/calidad\/","name":"Qualitat |\u00a0Pastiolot","isPartOf":{"@id":"https:\/\/www.pastiolot.com\/#website"},"primaryImageOfPage":{"@id":"https:\/\/www.pastiolot.com\/calidad\/#primaryimage"},"image":{"@id":"https:\/\/www.pastiolot.com\/calidad\/#primaryimage"},"thumbnailUrl":"https:\/\/www.pastiolot.com\/wp-content\/uploads\/2023\/05\/calidad2.gif","datePublished":"2023-05-26T07:19:34+00:00","dateModified":"2023-10-20T08:56:59+00:00","description":"Pastiolot disposa de la certificaci\u00f3 IFS \u2013 est\u00e0ndard de qualitat reconegut mundialment. La qualitat, el nostre comprom\u00eds.","inLanguage":"ca","potentialAction":[{"@type":"ReadAction","target":["https:\/\/www.pastiolot.com\/calidad\/"]}]},{"@type":"ImageObject","inLanguage":"ca","@id":"https:\/\/www.pastiolot.com\/calidad\/#primaryimage","url":"https:\/\/www.pastiolot.com\/wp-content\/uploads\/2023\/05\/calidad2.gif","contentUrl":"https:\/\/www.pastiolot.com\/wp-content\/uploads\/2023\/05\/calidad2.gif"},{"@type":"WebSite","@id":"https:\/\/www.pastiolot.com\/#website","url":"https:\/\/www.pastiolot.com\/","name":"PASTIOLOT","description":"Maestros pasteleros desde 1988","publisher":{"@id":"https:\/\/www.pastiolot.com\/#organization"},"potentialAction":[{"@type":"SearchAction","target":{"@type":"EntryPoint","urlTemplate":"https:\/\/www.pastiolot.com\/?s={search_term_string}"},"query-input":{"@type":"PropertyValueSpecification","valueRequired":true,"valueName":"search_term_string"}}],"inLanguage":"ca"},{"@type":"Organization","@id":"https:\/\/www.pastiolot.com\/#organization","name":"PASTIOLOT","url":"https:\/\/www.pastiolot.com\/","logo":{"@type":"ImageObject","inLanguage":"ca","@id":"https:\/\/www.pastiolot.com\/#\/schema\/logo\/image\/","url":"https:\/\/www.pastiolot.com\/wp-content\/uploads\/2023\/03\/logo_pastiolot_v.svg","contentUrl":"https:\/\/www.pastiolot.com\/wp-content\/uploads\/2023\/03\/logo_pastiolot_v.svg","width":622,"height":455,"caption":"PASTIOLOT"},"image":{"@id":"https:\/\/www.pastiolot.com\/#\/schema\/logo\/image\/"},"sameAs":["https:\/\/www.instagram.com\/pastiolot\/","https:\/\/www.linkedin.com\/company\/pastiolot\/"]}]}},"_links":{"self":[{"href":"https:\/\/www.pastiolot.com\/ca\/wp-json\/wp\/v2\/pages\/4165","targetHints":{"allow":["GET"]}}],"collection":[{"href":"https:\/\/www.pastiolot.com\/ca\/wp-json\/wp\/v2\/pages"}],"about":[{"href":"https:\/\/www.pastiolot.com\/ca\/wp-json\/wp\/v2\/types\/page"}],"author":[{"embeddable":true,"href":"https:\/\/www.pastiolot.com\/ca\/wp-json\/wp\/v2\/users\/1"}],"replies":[{"embeddable":true,"href":"https:\/\/www.pastiolot.com\/ca\/wp-json\/wp\/v2\/comments?post=4165"}],"version-history":[{"count":9,"href":"https:\/\/www.pastiolot.com\/ca\/wp-json\/wp\/v2\/pages\/4165\/revisions"}],"predecessor-version":[{"id":5475,"href":"https:\/\/www.pastiolot.com\/ca\/wp-json\/wp\/v2\/pages\/4165\/revisions\/5475"}],"wp:attachment":[{"href":"https:\/\/www.pastiolot.com\/ca\/wp-json\/wp\/v2\/media?parent=4165"}],"curies":[{"name":"wp","href":"https:\/\/api.w.org\/{rel}","templated":true}]}}