{"id":4282,"date":"2021-04-21T08:42:48","date_gmt":"2021-04-21T06:42:48","guid":{"rendered":"https:\/\/www.pastiolot.com\/avis-legal\/"},"modified":"2025-01-09T12:27:06","modified_gmt":"2025-01-09T11:27:06","slug":"avis-legal","status":"publish","type":"page","link":"https:\/\/www.pastiolot.com\/ca\/avis-legal\/","title":{"rendered":"Av\u00eds Legal"},"content":{"rendered":"\t\t<div data-elementor-type=\"wp-page\" data-elementor-id=\"4282\" class=\"elementor elementor-4282 elementor-56\" data-elementor-post-type=\"page\">\n\t\t\t\t\t\t<section class=\"has_eae_slider elementor-section elementor-top-section elementor-element elementor-element-55d8907 elementor-section-boxed elementor-section-height-default elementor-section-height-default\" data-eae-slider=\"64216\" data-id=\"55d8907\" data-element_type=\"section\">\n\t\t\t\t\t\t<div class=\"elementor-container elementor-column-gap-default\">\n\t\t\t\t\t<div class=\"has_eae_slider elementor-column elementor-col-100 elementor-top-column elementor-element elementor-element-ef7b029\" data-eae-slider=\"97642\" data-id=\"ef7b029\" data-element_type=\"column\">\n\t\t\t<div class=\"elementor-widget-wrap elementor-element-populated\">\n\t\t\t\t\t\t<div class=\"elementor-element elementor-element-991ce04 elementor-widget elementor-widget-text-editor\" data-id=\"991ce04\" data-element_type=\"widget\" data-widget_type=\"text-editor.default\">\n\t\t\t\t<div class=\"elementor-widget-container\">\n\t\t\t\t\t\t\t\t\t<p>De conformitat amb la Llei 34\/2002, de Serveis de la Societat de la Informaci\u00f3 i de Comer\u00e7 Electr\u00f2nic, l&#8217;informem que aquesta web \u00e9s titularitat de Pa Artes\u00e0 Olot, SL, (d&#8217;ara endavant \u201cPASTIOLOT\u201d), amb CIF: B17246513, amb domicili en c. Vallespir, 15 \u2013 Pol. La Canya d&#8217;Olot (17800).<\/p>\n<p><strong>PROPIETAT INTEL\u00b7LECTUAL I INDUSTRIAL<\/strong><\/p>\n<p>Els continguts d&#8217;aquest lloc, incloent-hi els textos, imatges i dissenys gr\u00e0fics, pertanyen a PASTIOLOT, o a tercers que han autoritzat el seu \u00fas. PASTIOLOT presenta aquests continguts amb finalitats d&#8217;informaci\u00f3 i promoci\u00f3. PASTIOLOT autoritza la seva utilitzaci\u00f3 exclusivament amb aquestes finalitats. Qualsevol utilitzaci\u00f3 d&#8217;aquests dissenys, imatges o textos haur\u00e0 de citar expressament la seva pertinen\u00e7a a PASTIOLOT, qui es reserva el dret a iniciar les accions legals oportunes per a reparar els danys i perjudicis causats per qualsevol acte que vulneri els seus drets de propietat intel\u00b7lectual o industrial.<\/p>\n<p class=\"title3 titol text-uppercase\"><strong>EXCLUSI\u00d3 DE RESPONSABILITAT<\/strong><\/p>\n<p>PASTIOLOT actua amb la m\u00e0xima dilig\u00e8ncia possible perqu\u00e8 les dades i la informaci\u00f3 que ofereix en el seu lloc web estigui actualitzada en tom moment, si b\u00e9 no garanteix ni es fa responsable de l&#8217;exactitud i actualitzaci\u00f3 dels continguts del lloc web, reservant-se el dret a modificar aquests continguts en qualsevol moment. PASTIOLOT tampoc ser\u00e0 responsable de la informaci\u00f3 que es pugui obtenir a trav\u00e9s d&#8217;enlla\u00e7os inclosos en el lloc web.<\/p>\n<p>Les relacions comercials amb els clients es regiran per les Condicions Generals que, en el seu cas, s&#8217;estableixin per PASTIOLOT en un document espec\u00edfic a aquest efecte, o pels pactes concrets que poguessin acordar-se amb els clients.&nbsp;<\/p><p><span style=\"letter-spacing: var(--bodyletterspacing); text-transform: var(--bodytexttransform);\">Les imatges dels productes presentats en aquest lloc web s\u00f3n merament il\u00b7lustratives i tenen com a objectiu oferir una sugger\u00e8ncia de presentaci\u00f3. No constitueixen una obligaci\u00f3 contractual i poden variar en caracter\u00edstiques, color i disseny. Per a informaci\u00f3 detallada sobre cada producte, si us plau, consulteu la descripci\u00f3 corresponent.<\/span><br><\/p>\n<p class=\"title3 titol text-uppercase\"><strong>CONDICIONS D&#8217;\u00daS<\/strong><\/p>\n<p>L&#8217;\u00fas d&#8217;aquest lloc web implica l&#8217;acceptaci\u00f3 plena dels termes del present av\u00eds legal. Els possibles conflictes relatius a aquesta web es regiran exclusivament pel dret de l&#8217;Estat Espanyol. Tota persona usu\u00e0ria de la web, independentment de la jurisdicci\u00f3 territorial des de la qual es produeixi el seu acc\u00e9s, accepta el compliment i respecte d&#8217;aquestes cl\u00e0usules amb ren\u00fancia expressa a qualsevol altre fur que pogu\u00e9s correspondre-li.<\/p>\t\t\t\t\t\t\t\t<\/div>\n\t\t\t\t<\/div>\n\t\t\t\t\t<\/div>\n\t\t<\/div>\n\t\t\t\t\t<\/div>\n\t\t<\/section>\n\t\t\t\t<\/div>\n\t\t","protected":false},"excerpt":{"rendered":"<p>De conformitat amb la Llei 34\/2002, de Serveis de la Societat de la Informaci\u00f3 i de Comer\u00e7 Electr\u00f2nic, l&#8217;informem que aquesta web \u00e9s titularitat de Pa Artes\u00e0 Olot, SL, (d&#8217;ara endavant \u201cPASTIOLOT\u201d), amb CIF: B17246513, amb domicili en c. Vallespir, 15 \u2013 Pol. La Canya d&#8217;Olot (17800). PROPIETAT INTEL\u00b7LECTUAL I INDUSTRIAL Els continguts d&#8217;aquest lloc,&hellip;&nbsp;<a href=\"https:\/\/www.pastiolot.com\/ca\/avis-legal\/\" rel=\"bookmark\"><span class=\"screen-reader-text\">Av\u00eds Legal<\/span><\/a><\/p>\n","protected":false},"author":1,"featured_media":0,"parent":0,"menu_order":0,"comment_status":"closed","ping_status":"closed","template":"elementor_header_footer","meta":{"_acf_changed":false,"neve_meta_sidebar":"","neve_meta_container":"","neve_meta_enable_content_width":"off","neve_meta_content_width":100,"neve_meta_title_alignment":"","neve_meta_author_avatar":"","neve_post_elements_order":"","neve_meta_disable_header":"","neve_meta_disable_footer":"","neve_meta_disable_title":"","footnotes":""},"class_list":["post-4282","page","type-page","status-publish","hentry"],"acf":[],"yoast_head":"<!-- This site is optimized with the Yoast SEO plugin v25.6 - https:\/\/yoast.com\/wordpress\/plugins\/seo\/ -->\n<title>Av\u00eds Legal - PASTIOLOT<\/title>\n<meta name=\"robots\" content=\"noindex, follow\" \/>\n<meta property=\"og:locale\" content=\"ca_ES\" \/>\n<meta property=\"og:type\" content=\"article\" \/>\n<meta property=\"og:title\" content=\"Av\u00eds Legal - PASTIOLOT\" \/>\n<meta property=\"og:description\" content=\"De conformitat amb la Llei 34\/2002, de Serveis de la Societat de la Informaci\u00f3 i de Comer\u00e7 Electr\u00f2nic, l&#8217;informem que aquesta web \u00e9s titularitat de Pa Artes\u00e0 Olot, SL, (d&#8217;ara endavant \u201cPASTIOLOT\u201d), amb CIF: B17246513, amb domicili en c. Vallespir, 15 \u2013 Pol. La Canya d&#8217;Olot (17800). PROPIETAT INTEL\u00b7LECTUAL I INDUSTRIAL Els continguts d&#8217;aquest lloc,&hellip;&nbsp;Av\u00eds Legal\" \/>\n<meta property=\"og:url\" content=\"https:\/\/www.pastiolot.com\/aviso-legal\/\" \/>\n<meta property=\"og:site_name\" content=\"PASTIOLOT\" \/>\n<meta property=\"article:modified_time\" content=\"2025-01-09T11:27:06+00:00\" \/>\n<meta property=\"og:image\" content=\"https:\/\/www.pastiolot.com\/wp-content\/uploads\/2023\/06\/newsl.jpg\" \/>\n\t<meta property=\"og:image:width\" content=\"800\" \/>\n\t<meta property=\"og:image:height\" content=\"528\" \/>\n\t<meta property=\"og:image:type\" content=\"image\/jpeg\" \/>\n<meta name=\"twitter:card\" content=\"summary_large_image\" \/>\n<meta name=\"twitter:label1\" content=\"Temps estimat de lectura\" \/>\n\t<meta name=\"twitter:data1\" content=\"2 minuts\" \/>\n<script type=\"application\/ld+json\" class=\"yoast-schema-graph\">{\"@context\":\"https:\/\/schema.org\",\"@graph\":[{\"@type\":\"WebPage\",\"@id\":\"https:\/\/www.pastiolot.com\/aviso-legal\/\",\"url\":\"https:\/\/www.pastiolot.com\/aviso-legal\/\",\"name\":\"Av\u00eds Legal - PASTIOLOT\",\"isPartOf\":{\"@id\":\"https:\/\/www.pastiolot.com\/#website\"},\"datePublished\":\"2021-04-21T06:42:48+00:00\",\"dateModified\":\"2025-01-09T11:27:06+00:00\",\"inLanguage\":\"ca\",\"potentialAction\":[{\"@type\":\"ReadAction\",\"target\":[\"https:\/\/www.pastiolot.com\/aviso-legal\/\"]}]},{\"@type\":\"WebSite\",\"@id\":\"https:\/\/www.pastiolot.com\/#website\",\"url\":\"https:\/\/www.pastiolot.com\/\",\"name\":\"PASTIOLOT\",\"description\":\"Maestros pasteleros desde 1988\",\"publisher\":{\"@id\":\"https:\/\/www.pastiolot.com\/#organization\"},\"potentialAction\":[{\"@type\":\"SearchAction\",\"target\":{\"@type\":\"EntryPoint\",\"urlTemplate\":\"https:\/\/www.pastiolot.com\/?s={search_term_string}\"},\"query-input\":{\"@type\":\"PropertyValueSpecification\",\"valueRequired\":true,\"valueName\":\"search_term_string\"}}],\"inLanguage\":\"ca\"},{\"@type\":\"Organization\",\"@id\":\"https:\/\/www.pastiolot.com\/#organization\",\"name\":\"PASTIOLOT\",\"url\":\"https:\/\/www.pastiolot.com\/\",\"logo\":{\"@type\":\"ImageObject\",\"inLanguage\":\"ca\",\"@id\":\"https:\/\/www.pastiolot.com\/#\/schema\/logo\/image\/\",\"url\":\"https:\/\/www.pastiolot.com\/wp-content\/uploads\/2023\/03\/logo_pastiolot_v.svg\",\"contentUrl\":\"https:\/\/www.pastiolot.com\/wp-content\/uploads\/2023\/03\/logo_pastiolot_v.svg\",\"width\":622,\"height\":455,\"caption\":\"PASTIOLOT\"},\"image\":{\"@id\":\"https:\/\/www.pastiolot.com\/#\/schema\/logo\/image\/\"},\"sameAs\":[\"https:\/\/www.instagram.com\/pastiolot\/\",\"https:\/\/www.linkedin.com\/company\/pastiolot\/\"]}]}<\/script>\n<!-- \/ Yoast SEO plugin. -->","yoast_head_json":{"title":"Av\u00eds Legal - PASTIOLOT","robots":{"index":"noindex","follow":"follow"},"og_locale":"ca_ES","og_type":"article","og_title":"Av\u00eds Legal - PASTIOLOT","og_description":"De conformitat amb la Llei 34\/2002, de Serveis de la Societat de la Informaci\u00f3 i de Comer\u00e7 Electr\u00f2nic, l&#8217;informem que aquesta web \u00e9s titularitat de Pa Artes\u00e0 Olot, SL, (d&#8217;ara endavant \u201cPASTIOLOT\u201d), amb CIF: B17246513, amb domicili en c. Vallespir, 15 \u2013 Pol. La Canya d&#8217;Olot (17800). PROPIETAT INTEL\u00b7LECTUAL I INDUSTRIAL Els continguts d&#8217;aquest lloc,&hellip;&nbsp;Av\u00eds Legal","og_url":"https:\/\/www.pastiolot.com\/aviso-legal\/","og_site_name":"PASTIOLOT","article_modified_time":"2025-01-09T11:27:06+00:00","og_image":[{"width":800,"height":528,"url":"https:\/\/www.pastiolot.com\/wp-content\/uploads\/2023\/06\/newsl.jpg","type":"image\/jpeg"}],"twitter_card":"summary_large_image","twitter_misc":{"Temps estimat de lectura":"2 minuts"},"schema":{"@context":"https:\/\/schema.org","@graph":[{"@type":"WebPage","@id":"https:\/\/www.pastiolot.com\/aviso-legal\/","url":"https:\/\/www.pastiolot.com\/aviso-legal\/","name":"Av\u00eds Legal - PASTIOLOT","isPartOf":{"@id":"https:\/\/www.pastiolot.com\/#website"},"datePublished":"2021-04-21T06:42:48+00:00","dateModified":"2025-01-09T11:27:06+00:00","inLanguage":"ca","potentialAction":[{"@type":"ReadAction","target":["https:\/\/www.pastiolot.com\/aviso-legal\/"]}]},{"@type":"WebSite","@id":"https:\/\/www.pastiolot.com\/#website","url":"https:\/\/www.pastiolot.com\/","name":"PASTIOLOT","description":"Maestros pasteleros desde 1988","publisher":{"@id":"https:\/\/www.pastiolot.com\/#organization"},"potentialAction":[{"@type":"SearchAction","target":{"@type":"EntryPoint","urlTemplate":"https:\/\/www.pastiolot.com\/?s={search_term_string}"},"query-input":{"@type":"PropertyValueSpecification","valueRequired":true,"valueName":"search_term_string"}}],"inLanguage":"ca"},{"@type":"Organization","@id":"https:\/\/www.pastiolot.com\/#organization","name":"PASTIOLOT","url":"https:\/\/www.pastiolot.com\/","logo":{"@type":"ImageObject","inLanguage":"ca","@id":"https:\/\/www.pastiolot.com\/#\/schema\/logo\/image\/","url":"https:\/\/www.pastiolot.com\/wp-content\/uploads\/2023\/03\/logo_pastiolot_v.svg","contentUrl":"https:\/\/www.pastiolot.com\/wp-content\/uploads\/2023\/03\/logo_pastiolot_v.svg","width":622,"height":455,"caption":"PASTIOLOT"},"image":{"@id":"https:\/\/www.pastiolot.com\/#\/schema\/logo\/image\/"},"sameAs":["https:\/\/www.instagram.com\/pastiolot\/","https:\/\/www.linkedin.com\/company\/pastiolot\/"]}]}},"_links":{"self":[{"href":"https:\/\/www.pastiolot.com\/ca\/wp-json\/wp\/v2\/pages\/4282","targetHints":{"allow":["GET"]}}],"collection":[{"href":"https:\/\/www.pastiolot.com\/ca\/wp-json\/wp\/v2\/pages"}],"about":[{"href":"https:\/\/www.pastiolot.com\/ca\/wp-json\/wp\/v2\/types\/page"}],"author":[{"embeddable":true,"href":"https:\/\/www.pastiolot.com\/ca\/wp-json\/wp\/v2\/users\/1"}],"replies":[{"embeddable":true,"href":"https:\/\/www.pastiolot.com\/ca\/wp-json\/wp\/v2\/comments?post=4282"}],"version-history":[{"count":5,"href":"https:\/\/www.pastiolot.com\/ca\/wp-json\/wp\/v2\/pages\/4282\/revisions"}],"predecessor-version":[{"id":6875,"href":"https:\/\/www.pastiolot.com\/ca\/wp-json\/wp\/v2\/pages\/4282\/revisions\/6875"}],"wp:attachment":[{"href":"https:\/\/www.pastiolot.com\/ca\/wp-json\/wp\/v2\/media?parent=4282"}],"curies":[{"name":"wp","href":"https:\/\/api.w.org\/{rel}","templated":true}]}}