{"id":4284,"date":"2021-04-21T07:39:55","date_gmt":"2021-04-21T05:39:55","guid":{"rendered":"https:\/\/www.pastiolot.com\/politica-de-privacitat\/"},"modified":"2023-07-28T10:04:38","modified_gmt":"2023-07-28T08:04:38","slug":"politica-de-privacitat","status":"publish","type":"page","link":"https:\/\/www.pastiolot.com\/ca\/politica-de-privacitat\/","title":{"rendered":"Pol\u00edtica de privacitat"},"content":{"rendered":"\t\t<div data-elementor-type=\"wp-page\" data-elementor-id=\"4284\" class=\"elementor elementor-4284 elementor-3\" data-elementor-post-type=\"page\">\n\t\t\t\t\t\t<section class=\"has_eae_slider elementor-section elementor-top-section elementor-element elementor-element-4bb98640 elementor-section-boxed elementor-section-height-default elementor-section-height-default\" data-eae-slider=\"85807\" data-id=\"4bb98640\" data-element_type=\"section\">\n\t\t\t\t\t\t<div class=\"elementor-container elementor-column-gap-default\">\n\t\t\t\t\t<div class=\"has_eae_slider elementor-column elementor-col-100 elementor-top-column elementor-element elementor-element-7bb97935\" data-eae-slider=\"65977\" data-id=\"7bb97935\" data-element_type=\"column\">\n\t\t\t<div class=\"elementor-widget-wrap elementor-element-populated\">\n\t\t\t\t\t\t<div class=\"elementor-element elementor-element-55ef91f8 elementor-widget elementor-widget-text-editor\" data-id=\"55ef91f8\" data-element_type=\"widget\" data-widget_type=\"text-editor.default\">\n\t\t\t\t<div class=\"elementor-widget-container\">\n\t\t\t\t\t\t\t\t\t<p>PASTIOLOT es compromet a protegir la privacitat dels usuaris que accedeixin a aquesta web i\/o qualsevol dels seus serveis. La utilitzaci\u00f3 de la web i\/o de qualsevol dels serveis oferts per PASTIOLOT implica l&#8217;acceptaci\u00f3 per l&#8217;usuari de les disposicions contingudes en la present Pol\u00edtica de Privacitat i que les seves dades personals siguin tractats segons s&#8217;estipula en ella. Si us plau, tingui en compte que a pesar que pugui haver-hi enlla\u00e7os de la nostra web a altres webs o xarxes socials, aquesta Pol\u00edtica de Privacitat no s&#8217;aplica a les webs d&#8217;altres companyies o organitzacions a les quals la web estigui redirigida. PASTIOLOT no controla el contingut de les webs de tercers, ni accepta qualsevol responsabilitat pel contingut o les pol\u00edtiques de privacitat d&#8217;aquestes webs.<\/p>\n<p class=\"title3 titol \"><strong>Informaci\u00f3 b\u00e0sica sobre el tractament de dades (Reglament (UE) 2016\/679 i HO 3\/2018)<\/strong><\/p>\n<ul class=\" \">\n<li>\n<div class=\"cont\">\n<p>Responsable del tractament: PASTIOLOT. Les nostres dades figuren en l&#8217;<a href=\"https:\/\/www.pastiolot.com\/ca\/avis-legal\/\">av\u00eds legal<\/a>\u00a0d&#8217;aquesta web.<\/p>\n<\/div>\n<\/li>\n<li>\n<div class=\"cont\">\n<p>Finalitat del tractament:\u00a0Oferir i gestionar els nostres productes i\/o serveis.<\/p>\n<\/div>\n<\/li>\n<li>\n<div class=\"cont\">\n<p>Legitimaci\u00f3:\u00a0Consentiment obtingut de l&#8217;interessat. Execuci\u00f3 del contracte de serveis.<\/p>\n<\/div>\n<\/li>\n<li>\n<div class=\"cont\">\n<p>Destinataris:\u00a0Les dades no seran comunicats a tercers, tret que ho exigeixi una Llei o sigui necessari per a complir amb la finalitat del tractament.<\/p>\n<\/div>\n<\/li>\n<li>\n<div class=\"cont\">\n<p>Drets de les persones:\u00a0Els interessats tenen dret a exercir els drets d&#8217;acc\u00e9s, rectificaci\u00f3, limitaci\u00f3 de tractament, supressi\u00f3, portabilitat i oposici\u00f3, enviant la seva sol\u00b7licitud a la nostra adre\u00e7a.<\/p>\n<\/div>\n<\/li>\n<li>\n<div class=\"cont\">\n<p>Termini de conservaci\u00f3 de les dades:\u00a0Mentre es mantingui la relaci\u00f3 comercial o durant els anys necessaris per a complir amb les obligacions legals.<\/p>\n<\/div>\n<\/li>\n<li>\n<div class=\"cont\">\n<p>Reclamaci\u00f3:\u00a0Els interessats poden dirigir-se a l&#8217;AEPD per a presentar la reclamaci\u00f3 que consideri oportuna.<\/p>\n<\/div>\n<\/li>\n<li>\n<div class=\"cont\">\n<p>Informaci\u00f3 addicional:\u00a0Pot consultar la informaci\u00f3 addicional i detallada a continuaci\u00f3 en les \u201cPreguntes sobre privacitat\u201d.<\/p>\n<\/div>\n<\/li>\n<\/ul>\n<p class=\"title3 titol text-uppercase\"><strong>PREGUNTES SOBRE PRIVACITAT<\/strong><\/p>\n<p>En compliment del Reglament (UE) 2016\/679 del Parlament Europeu i del Consell, de 27 d&#8217;abril de 2016, (RGPD), i la Llei org\u00e0nica 3\/2018, de 5 de desembre, de Protecci\u00f3 de Dades Personals i garantia dels drets digitals (LOPDGDD li oferim la seg\u00fcent informaci\u00f3 sobre el tractament de les seves dades personals:<\/p>\n<p class=\"title4 titol \"><strong>Qui \u00e9s el responsable del tractament de les seves dades?<\/strong><\/p>\n<p>PASTIOLOT.<br \/>\nLes nostres dades figuren a l&#8217;<a href=\"https:\/\/www.pastiolot.com\/ca\/avis-legal\/\">av\u00eds\u00a0legal<\/a>\u00a0d&#8217;aquesta web.<\/p>\n<p class=\"title4 titol \"><strong>Amb quina finalitat tractem les seves dades personals?<\/strong><\/p>\n<ul class=\" \">\n<li>\n<div class=\"cont\">\n<p>Tractem la informaci\u00f3 que se&#8217;ns facilita per a prestar i facturar els nostres serveis i productes.<\/p>\n<\/div>\n<\/li>\n<li>\n<div class=\"cont\">\n<p>Si ens dona el seu consentiment tamb\u00e9 podrem tractar les seves dades per a enviar-li informaci\u00f3 sobre les nostres activitats, serveis i productes.<\/p>\n<\/div>\n<\/li>\n<li>\n<div class=\"cont\">\n<p>Si participa en algun dels nostres sortejos i\/o concursos publicarem el seu nom i cognoms, i la seva imatge, en els diferents espais i mitjans de comunicaci\u00f3 i difusi\u00f3 que utilitzem, incloses les xarxes socials, amb la finalitat de promocionar les nostres activitats, serveis i productes.<\/p>\n<\/div>\n<\/li>\n<\/ul>\n<p class=\"title4 titol \"><strong>Quant temps conservarem les seves dades?<\/strong><\/p>\n<p>Les dades personals proporcionades es conservaran mentre sigui usuari dels nostres serveis o vulgui rebre informaci\u00f3, i si participa en una promoci\u00f3 mentre estigui activa, i despr\u00e9s, durant els terminis establerts per a complir amb les nostres obligacions legals.<\/p>\n<p class=\"title4 titol \"><strong>Quina \u00e9s la legitimaci\u00f3 per al tractament de les seves dades?<\/strong><\/p>\n<p>La base legal per als tractaments de les seves dades s\u00f3n els consentiments que ens dona.<\/p>\n<p>Respecte a la informaci\u00f3 que ens sigui enviada per menors de 16 anys, s&#8217;entendr\u00e0 que ho ha estat amb el consentiment dels seus representants legals. Si no \u00e9s aix\u00ed, el representant legal del menor ens l&#8217;ha de comunicar tan aviat com tingui coneixement.<\/p>\n<p class=\"title4 titol \"><strong>A quins destinataris es comunicaran les seves dades?<\/strong><\/p>\n<p>Les dades no seran comunicats a tercers, tret que ho exigeixi una Llei o sigui necessari per a complir amb la finalitat del tractament.<\/p>\n<p class=\"title4 titol \"><strong>Quins s\u00f3n els seus drets quan ens facilita les seves dades?<\/strong><\/p>\n<ul class=\" \">\n<li>\n<div class=\"cont\">\n<p>Qualsevol persona t\u00e9 dret a obtenir confirmaci\u00f3 sobre si estem tractant o no les seves dades personals.<\/p>\n<\/div>\n<\/li>\n<li>\n<div class=\"cont\">\n<p>Els interessats tenen dret a accedir a les seves dades personals, aix\u00ed com a sol\u00b7licitar la rectificaci\u00f3 de les dades inexactes o, en el seu cas, sol\u00b7licitar la seva supressi\u00f3 quan, entre altres motius, les dades ja no siguin necessaris per a les finalitats per a les quals es van recollir.<\/p>\n<\/div>\n<\/li>\n<li>\n<div class=\"cont\">\n<p>En determinades circumst\u00e0ncies els interessats podran sol\u00b7licitar la limitaci\u00f3 del tractament de les seves dades, en aquest cas \u00fanicament els conservarem per a l&#8217;exercici o la defensa de reclamacions.<\/p>\n<\/div>\n<\/li>\n<li>\n<div class=\"cont\">\n<p>Tamb\u00e9, en determinades circumst\u00e0ncies i per motius relacionats amb la seva situaci\u00f3 particular, els interessats poden oposar-se al tractament de les seves dades.<\/p>\n<\/div>\n<\/li>\n<li>\n<div class=\"cont\">\n<p>Els interessats tamb\u00e9 tenen dret a la portabilitat de les seves dades.<\/p>\n<\/div>\n<\/li>\n<li>\n<div class=\"cont\">\n<p>Finalment, els interessats tenen dret a presentar una reclamaci\u00f3 davant l&#8217;Autoritat de Control competent.<\/p>\n<\/div>\n<\/li>\n<\/ul>\n<p class=\"title4 titol \"><strong>Com pot exercir els seus drets?<\/strong><\/p>\n<p>Enviant un escrit adjuntant una c\u00f2pia d&#8217;un document que l&#8217;identifiqui, a la nostra adre\u00e7a f\u00edsica o electr\u00f2nica.<\/p>\n<p class=\"title4 titol text-bold \">Com hem obtingut les seves dades?<\/p>\n<p>Les dades personals que tractem procedeixen del propi interessat. L&#8217;interessat garanteix que les dades personals facilitades s\u00f3n certs i es fa responsable de comunicar qualsevol modificaci\u00f3 d&#8217;aquests. Les dades que estiguin marcats amb un asterisc seran obligatoris per a poder donar-li el servei sol\u00b7licitat.<\/p>\n<p class=\"title4 titol \"><strong>Quines dades tractem?<\/strong><\/p>\n<p>Les categories de dades que podem tractar en la prestaci\u00f3 dels nostres serveis s\u00f3n:<\/p>\n<ul class=\" \">\n<li>\n<div class=\"cont\">\n<p>Dades de car\u00e0cter identificatiu<\/p>\n<\/div>\n<\/li>\n<li>\n<div class=\"cont\">\n<p>Adreces postals o electr\u00f2niques<\/p>\n<\/div>\n<\/li>\n<li>\n<div class=\"cont\">\n<p>Altres dades sol\u00b7licitades en els nostres formularis<\/p>\n<\/div>\n<\/li>\n<\/ul>\n<p>Les dades s\u00f3n limitades, at\u00e8s que \u00fanicament tractem les dades necess\u00e0ries per a la prestaci\u00f3 dels nostres serveis i la gesti\u00f3 de la nostra activitat.<\/p>\n<p class=\"title4 titol \"><strong>Utilitzem cookies?<\/strong><\/p>\n<p>Utilizamos cookies durante la navegaci\u00f3n en nuestra web con el consentimiento informado del usuario. El usuario puede configurar su navegador para ser avisado de la utilizaci\u00f3n de cookies y para evitar su uso. Para obtener m\u00e1s informaci\u00f3n visite nuestra\u00a0<a href=\"https:\/\/www.pastiolot.com\/ca\/politica-de-cookies\/\" target=\"_blank\" rel=\"noopener\">pol\u00edtica de cookies<\/a>.<\/p>\n<p class=\"title4 titol \"><strong>Quines mesures de seguretat apliquem?<\/strong><\/p>\n<p>Apliquem les mesures de seguretat establertes en l&#8217;article 32 del RGPD, per tant, hem adoptat les mesures de seguretat necess\u00e0ries per a garantir un nivell de seguretat adequat al risc del tractament de dades que realitzem, amb mecanismes que ens permeten garantir la confidencialitat, integritat, disponibilitat i resili\u00e8ncia permanent dels sistemes i serveis de tractament.<\/p>\n<p>Algunes d&#8217;aquestes mesures s\u00f3n:<\/p>\n<ul class=\" \">\n<li>\n<div class=\"cont\">\n<p>Informaci\u00f3 de les pol\u00edtiques de tractament de dades al personal.<\/p>\n<\/div>\n<\/li>\n<li>\n<div class=\"cont\">\n<p>Realitzaci\u00f3 de c\u00f2pies de seguretat peri\u00f2diques.<\/p>\n<\/div>\n<\/li>\n<li>\n<div class=\"cont\">\n<p>Control d&#8217;acc\u00e9s a les dades.<\/p>\n<\/div>\n<\/li>\n<li>\n<div class=\"cont\">\n<p>Processos de verificaci\u00f3, avaluaci\u00f3 i valoraci\u00f3 regulars.<\/p>\n<\/div>\n<\/li>\n<\/ul>\n\t\t\t\t\t\t\t\t<\/div>\n\t\t\t\t<\/div>\n\t\t\t\t\t<\/div>\n\t\t<\/div>\n\t\t\t\t\t<\/div>\n\t\t<\/section>\n\t\t\t\t<\/div>\n\t\t","protected":false},"excerpt":{"rendered":"<p>PASTIOLOT es compromet a protegir la privacitat dels usuaris que accedeixin a aquesta web i\/o qualsevol dels seus serveis. La utilitzaci\u00f3 de la web i\/o de qualsevol dels serveis oferts per PASTIOLOT implica l&#8217;acceptaci\u00f3 per l&#8217;usuari de les disposicions contingudes en la present Pol\u00edtica de Privacitat i que les seves dades personals siguin tractats segons&hellip;&nbsp;<a href=\"https:\/\/www.pastiolot.com\/ca\/politica-de-privacitat\/\" rel=\"bookmark\"><span class=\"screen-reader-text\">Pol\u00edtica de privacitat<\/span><\/a><\/p>\n","protected":false},"author":1,"featured_media":0,"parent":0,"menu_order":0,"comment_status":"closed","ping_status":"closed","template":"elementor_header_footer","meta":{"_acf_changed":false,"neve_meta_sidebar":"","neve_meta_container":"","neve_meta_enable_content_width":"off","neve_meta_content_width":100,"neve_meta_title_alignment":"","neve_meta_author_avatar":"","neve_post_elements_order":"","neve_meta_disable_header":"","neve_meta_disable_footer":"","neve_meta_disable_title":"","footnotes":""},"class_list":["post-4284","page","type-page","status-publish","hentry"],"acf":[],"yoast_head":"<!-- This site is optimized with the Yoast SEO plugin v25.6 - https:\/\/yoast.com\/wordpress\/plugins\/seo\/ -->\n<title>Pol\u00edtica de privacitat - PASTIOLOT<\/title>\n<meta name=\"robots\" content=\"noindex, follow\" \/>\n<meta property=\"og:locale\" content=\"ca_ES\" \/>\n<meta property=\"og:type\" content=\"article\" \/>\n<meta property=\"og:title\" content=\"Pol\u00edtica de privacitat - PASTIOLOT\" \/>\n<meta property=\"og:description\" content=\"PASTIOLOT es compromet a protegir la privacitat dels usuaris que accedeixin a aquesta web i\/o qualsevol dels seus serveis. La utilitzaci\u00f3 de la web i\/o de qualsevol dels serveis oferts per PASTIOLOT implica l&#8217;acceptaci\u00f3 per l&#8217;usuari de les disposicions contingudes en la present Pol\u00edtica de Privacitat i que les seves dades personals siguin tractats segons&hellip;&nbsp;Pol\u00edtica de privacitat\" \/>\n<meta property=\"og:url\" content=\"https:\/\/www.pastiolot.com\/politica-privacidad\/\" \/>\n<meta property=\"og:site_name\" content=\"PASTIOLOT\" \/>\n<meta property=\"article:modified_time\" content=\"2023-07-28T08:04:38+00:00\" \/>\n<meta property=\"og:image\" content=\"https:\/\/www.pastiolot.com\/wp-content\/uploads\/2023\/06\/newsl.jpg\" \/>\n\t<meta property=\"og:image:width\" content=\"800\" \/>\n\t<meta property=\"og:image:height\" content=\"528\" \/>\n\t<meta property=\"og:image:type\" content=\"image\/jpeg\" \/>\n<meta name=\"twitter:card\" content=\"summary_large_image\" \/>\n<meta name=\"twitter:label1\" content=\"Temps estimat de lectura\" \/>\n\t<meta name=\"twitter:data1\" content=\"5 minuts\" \/>\n<script type=\"application\/ld+json\" class=\"yoast-schema-graph\">{\"@context\":\"https:\/\/schema.org\",\"@graph\":[{\"@type\":\"WebPage\",\"@id\":\"https:\/\/www.pastiolot.com\/politica-privacidad\/\",\"url\":\"https:\/\/www.pastiolot.com\/politica-privacidad\/\",\"name\":\"Pol\u00edtica de privacitat - PASTIOLOT\",\"isPartOf\":{\"@id\":\"https:\/\/www.pastiolot.com\/#website\"},\"datePublished\":\"2021-04-21T05:39:55+00:00\",\"dateModified\":\"2023-07-28T08:04:38+00:00\",\"inLanguage\":\"ca\",\"potentialAction\":[{\"@type\":\"ReadAction\",\"target\":[\"https:\/\/www.pastiolot.com\/politica-privacidad\/\"]}]},{\"@type\":\"WebSite\",\"@id\":\"https:\/\/www.pastiolot.com\/#website\",\"url\":\"https:\/\/www.pastiolot.com\/\",\"name\":\"PASTIOLOT\",\"description\":\"Maestros pasteleros desde 1988\",\"publisher\":{\"@id\":\"https:\/\/www.pastiolot.com\/#organization\"},\"potentialAction\":[{\"@type\":\"SearchAction\",\"target\":{\"@type\":\"EntryPoint\",\"urlTemplate\":\"https:\/\/www.pastiolot.com\/?s={search_term_string}\"},\"query-input\":{\"@type\":\"PropertyValueSpecification\",\"valueRequired\":true,\"valueName\":\"search_term_string\"}}],\"inLanguage\":\"ca\"},{\"@type\":\"Organization\",\"@id\":\"https:\/\/www.pastiolot.com\/#organization\",\"name\":\"PASTIOLOT\",\"url\":\"https:\/\/www.pastiolot.com\/\",\"logo\":{\"@type\":\"ImageObject\",\"inLanguage\":\"ca\",\"@id\":\"https:\/\/www.pastiolot.com\/#\/schema\/logo\/image\/\",\"url\":\"https:\/\/www.pastiolot.com\/wp-content\/uploads\/2023\/03\/logo_pastiolot_v.svg\",\"contentUrl\":\"https:\/\/www.pastiolot.com\/wp-content\/uploads\/2023\/03\/logo_pastiolot_v.svg\",\"width\":622,\"height\":455,\"caption\":\"PASTIOLOT\"},\"image\":{\"@id\":\"https:\/\/www.pastiolot.com\/#\/schema\/logo\/image\/\"},\"sameAs\":[\"https:\/\/www.instagram.com\/pastiolot\/\",\"https:\/\/www.linkedin.com\/company\/pastiolot\/\"]}]}<\/script>\n<!-- \/ Yoast SEO plugin. -->","yoast_head_json":{"title":"Pol\u00edtica de privacitat - PASTIOLOT","robots":{"index":"noindex","follow":"follow"},"og_locale":"ca_ES","og_type":"article","og_title":"Pol\u00edtica de privacitat - PASTIOLOT","og_description":"PASTIOLOT es compromet a protegir la privacitat dels usuaris que accedeixin a aquesta web i\/o qualsevol dels seus serveis. La utilitzaci\u00f3 de la web i\/o de qualsevol dels serveis oferts per PASTIOLOT implica l&#8217;acceptaci\u00f3 per l&#8217;usuari de les disposicions contingudes en la present Pol\u00edtica de Privacitat i que les seves dades personals siguin tractats segons&hellip;&nbsp;Pol\u00edtica de privacitat","og_url":"https:\/\/www.pastiolot.com\/politica-privacidad\/","og_site_name":"PASTIOLOT","article_modified_time":"2023-07-28T08:04:38+00:00","og_image":[{"width":800,"height":528,"url":"https:\/\/www.pastiolot.com\/wp-content\/uploads\/2023\/06\/newsl.jpg","type":"image\/jpeg"}],"twitter_card":"summary_large_image","twitter_misc":{"Temps estimat de lectura":"5 minuts"},"schema":{"@context":"https:\/\/schema.org","@graph":[{"@type":"WebPage","@id":"https:\/\/www.pastiolot.com\/politica-privacidad\/","url":"https:\/\/www.pastiolot.com\/politica-privacidad\/","name":"Pol\u00edtica de privacitat - PASTIOLOT","isPartOf":{"@id":"https:\/\/www.pastiolot.com\/#website"},"datePublished":"2021-04-21T05:39:55+00:00","dateModified":"2023-07-28T08:04:38+00:00","inLanguage":"ca","potentialAction":[{"@type":"ReadAction","target":["https:\/\/www.pastiolot.com\/politica-privacidad\/"]}]},{"@type":"WebSite","@id":"https:\/\/www.pastiolot.com\/#website","url":"https:\/\/www.pastiolot.com\/","name":"PASTIOLOT","description":"Maestros pasteleros desde 1988","publisher":{"@id":"https:\/\/www.pastiolot.com\/#organization"},"potentialAction":[{"@type":"SearchAction","target":{"@type":"EntryPoint","urlTemplate":"https:\/\/www.pastiolot.com\/?s={search_term_string}"},"query-input":{"@type":"PropertyValueSpecification","valueRequired":true,"valueName":"search_term_string"}}],"inLanguage":"ca"},{"@type":"Organization","@id":"https:\/\/www.pastiolot.com\/#organization","name":"PASTIOLOT","url":"https:\/\/www.pastiolot.com\/","logo":{"@type":"ImageObject","inLanguage":"ca","@id":"https:\/\/www.pastiolot.com\/#\/schema\/logo\/image\/","url":"https:\/\/www.pastiolot.com\/wp-content\/uploads\/2023\/03\/logo_pastiolot_v.svg","contentUrl":"https:\/\/www.pastiolot.com\/wp-content\/uploads\/2023\/03\/logo_pastiolot_v.svg","width":622,"height":455,"caption":"PASTIOLOT"},"image":{"@id":"https:\/\/www.pastiolot.com\/#\/schema\/logo\/image\/"},"sameAs":["https:\/\/www.instagram.com\/pastiolot\/","https:\/\/www.linkedin.com\/company\/pastiolot\/"]}]}},"_links":{"self":[{"href":"https:\/\/www.pastiolot.com\/ca\/wp-json\/wp\/v2\/pages\/4284","targetHints":{"allow":["GET"]}}],"collection":[{"href":"https:\/\/www.pastiolot.com\/ca\/wp-json\/wp\/v2\/pages"}],"about":[{"href":"https:\/\/www.pastiolot.com\/ca\/wp-json\/wp\/v2\/types\/page"}],"author":[{"embeddable":true,"href":"https:\/\/www.pastiolot.com\/ca\/wp-json\/wp\/v2\/users\/1"}],"replies":[{"embeddable":true,"href":"https:\/\/www.pastiolot.com\/ca\/wp-json\/wp\/v2\/comments?post=4284"}],"version-history":[{"count":4,"href":"https:\/\/www.pastiolot.com\/ca\/wp-json\/wp\/v2\/pages\/4284\/revisions"}],"predecessor-version":[{"id":5069,"href":"https:\/\/www.pastiolot.com\/ca\/wp-json\/wp\/v2\/pages\/4284\/revisions\/5069"}],"wp:attachment":[{"href":"https:\/\/www.pastiolot.com\/ca\/wp-json\/wp\/v2\/media?parent=4284"}],"curies":[{"name":"wp","href":"https:\/\/api.w.org\/{rel}","templated":true}]}}