{"id":4454,"date":"2023-05-26T09:19:34","date_gmt":"2023-05-26T07:19:34","guid":{"rendered":"https:\/\/www.pastiolot.com\/qualite\/"},"modified":"2023-10-20T11:06:43","modified_gmt":"2023-10-20T09:06:43","slug":"qualite","status":"publish","type":"page","link":"https:\/\/www.pastiolot.com\/fr\/qualite\/","title":{"rendered":"Qualit\u00e9"},"content":{"rendered":"\t\t<div data-elementor-type=\"wp-page\" data-elementor-id=\"4454\" class=\"elementor elementor-4454 elementor-1889\" data-elementor-post-type=\"page\">\n\t\t\t\t\t\t<section class=\"has_eae_slider elementor-section elementor-top-section elementor-element elementor-element-c5227cd elementor-section-height-min-height elementor-section-boxed elementor-section-height-default elementor-section-items-middle\" data-eae-slider=\"86487\" data-id=\"c5227cd\" data-element_type=\"section\" data-settings=\"{&quot;background_background&quot;:&quot;classic&quot;,&quot;background_motion_fx_motion_fx_scrolling&quot;:&quot;yes&quot;,&quot;background_motion_fx_scale_effect&quot;:&quot;yes&quot;,&quot;background_motion_fx_scale_speed&quot;:{&quot;unit&quot;:&quot;px&quot;,&quot;size&quot;:2,&quot;sizes&quot;:[]},&quot;background_motion_fx_scale_direction&quot;:&quot;out-in&quot;,&quot;background_motion_fx_scale_range&quot;:{&quot;unit&quot;:&quot;%&quot;,&quot;size&quot;:&quot;&quot;,&quot;sizes&quot;:{&quot;start&quot;:20,&quot;end&quot;:80}},&quot;background_motion_fx_devices&quot;:[&quot;desktop&quot;,&quot;tablet&quot;,&quot;mobile&quot;]}\">\n\t\t\t\t\t\t\t<div class=\"elementor-background-overlay\"><\/div>\n\t\t\t\t\t\t\t<div class=\"elementor-container elementor-column-gap-default\">\n\t\t\t\t\t<div class=\"has_eae_slider elementor-column elementor-col-100 elementor-top-column elementor-element elementor-element-734a6eb elementor-invisible\" data-eae-slider=\"3277\" data-id=\"734a6eb\" data-element_type=\"column\" data-settings=\"{&quot;animation&quot;:&quot;fadeInUp&quot;}\">\n\t\t\t<div class=\"elementor-widget-wrap elementor-element-populated\">\n\t\t\t\t\t\t<div class=\"elementor-element elementor-element-4031cfe elementor-widget elementor-widget-html\" data-id=\"4031cfe\" data-element_type=\"widget\" data-widget_type=\"html.default\">\n\t\t\t\t<div class=\"elementor-widget-container\">\n\t\t\t\t\t<div id=\"trigger\"><\/div>\t\t\t\t<\/div>\n\t\t\t\t<\/div>\n\t\t\t\t<div class=\"elementor-element elementor-element-990ebf0 elementor-widget elementor-widget-heading\" data-id=\"990ebf0\" data-element_type=\"widget\" data-widget_type=\"heading.default\">\n\t\t\t\t<div class=\"elementor-widget-container\">\n\t\t\t\t\t<h1 class=\"elementor-heading-title elementor-size-default\">Qualit\u00e9<\/h1>\t\t\t\t<\/div>\n\t\t\t\t<\/div>\n\t\t\t\t<div class=\"elementor-element elementor-element-14306fe elementor-widget elementor-widget-text-editor\" data-id=\"14306fe\" data-element_type=\"widget\" data-widget_type=\"text-editor.default\">\n\t\t\t\t<div class=\"elementor-widget-container\">\n\t\t\t\t\t\t\t\t\t<p>La qualit\u00e9, notre engagement.<\/p>\n<p>Chez Pastiolot, tous les ingr\u00e9dients sont soigneusement s\u00e9lectionn\u00e9s pour offrir la meilleure qualit\u00e9.<\/p>\n\t\t\t\t\t\t\t\t<\/div>\n\t\t\t\t<\/div>\n\t\t\t\t\t<\/div>\n\t\t<\/div>\n\t\t\t\t\t<\/div>\n\t\t<\/section>\n\t\t<div class=\"has_eae_slider elementor-element elementor-element-189fe9a e-flex e-con-boxed e-con e-parent\" data-eae-slider=\"7456\" data-id=\"189fe9a\" data-element_type=\"container\">\n\t\t\t\t\t<div class=\"e-con-inner\">\n\t\t<div class=\"has_eae_slider elementor-element elementor-element-28e0ad6 e-con-full e-flex e-con e-parent\" data-eae-slider=\"65761\" data-id=\"28e0ad6\" data-element_type=\"container\">\n\t\t<div class=\"has_eae_slider elementor-element elementor-element-2924c44 e-flex e-con-boxed e-con e-parent\" data-eae-slider=\"93102\" data-id=\"2924c44\" data-element_type=\"container\" data-settings=\"{&quot;sticky&quot;:&quot;top&quot;,&quot;sticky_offset&quot;:104,&quot;sticky_parent&quot;:&quot;yes&quot;,&quot;sticky_on&quot;:[&quot;desktop&quot;,&quot;tablet&quot;,&quot;mobile&quot;],&quot;sticky_effects_offset&quot;:0,&quot;sticky_anchor_link_offset&quot;:0}\">\n\t\t\t\t\t<div class=\"e-con-inner\">\n\t\t\t\t<div class=\"elementor-element elementor-element-f7405b8 elementor-widget elementor-widget-text-editor\" data-id=\"f7405b8\" data-element_type=\"widget\" data-widget_type=\"text-editor.default\">\n\t\t\t\t<div class=\"elementor-widget-container\">\n\t\t\t\t\t\t\t\t\t<p>Notre<\/p>\n\t\t\t\t\t\t\t\t<\/div>\n\t\t\t\t<\/div>\n\t\t\t\t<div class=\"elementor-element elementor-element-0fdd92b elementor-widget elementor-widget-heading\" data-id=\"0fdd92b\" data-element_type=\"widget\" data-widget_type=\"heading.default\">\n\t\t\t\t<div class=\"elementor-widget-container\">\n\t\t\t\t\t<h2 class=\"elementor-heading-title elementor-size-default\">Engagement<\/h2>\t\t\t\t<\/div>\n\t\t\t\t<\/div>\n\t\t\t\t\t<\/div>\n\t\t\t\t<\/div>\n\t\t\t\t<\/div>\n\t\t<div class=\"has_eae_slider elementor-element elementor-element-aa99ce9 e-con-full e-flex e-con e-parent\" data-eae-slider=\"74699\" data-id=\"aa99ce9\" data-element_type=\"container\">\n\t\t\t\t<div class=\"elementor-element elementor-element-c4abc01 elementor-widget elementor-widget-text-editor\" data-id=\"c4abc01\" data-element_type=\"widget\" data-widget_type=\"text-editor.default\">\n\t\t\t\t<div class=\"elementor-widget-container\">\n\t\t\t\t\t\t\t\t\t<p>Un ferme engagement en faveur de la qualit\u00e9 et de la s\u00e9curit\u00e9 alimentaire, dans le but d\u2019assurer les normes les plus strictes en mati\u00e8re de qualit\u00e9 et de s\u00e9curit\u00e9 alimentaire de nos produits, nous travaillons dans le respect des normes europ\u00e9ennes de s\u00e9curit\u00e9 alimentaire (IFS).<\/p>\n\t\t\t\t\t\t\t\t<\/div>\n\t\t\t\t<\/div>\n\t\t\t\t<div class=\"elementor-element elementor-element-70ec5e3 elementor-position-left elementor-vertical-align-top elementor-widget elementor-widget-image-box\" data-id=\"70ec5e3\" data-element_type=\"widget\" data-widget_type=\"image-box.default\">\n\t\t\t\t<div class=\"elementor-widget-container\">\n\t\t\t\t\t<div class=\"elementor-image-box-wrapper\"><figure class=\"elementor-image-box-img\"><img fetchpriority=\"high\" decoding=\"async\" width=\"1000\" height=\"857\" src=\"https:\/\/www.pastiolot.com\/wp-content\/uploads\/2023\/05\/calidad2.gif\" class=\"attachment-full size-full wp-image-1910\" alt=\"\" \/><\/figure><div class=\"elementor-image-box-content\"><p class=\"elementor-image-box-description\"><b>Engagement envers la qualit\u00e9 de nos produits<\/b> : \u00e0 partir de l\u2019application des contr\u00f4les de qualit\u00e9 \u00e0 chaque \u00e9tape de notre processus de production, des mati\u00e8res premi\u00e8res \u00e0 l\u2019\u00e9laboration et la distribution de nos produits.<\/p><\/div><\/div>\t\t\t\t<\/div>\n\t\t\t\t<\/div>\n\t\t\t\t<div class=\"elementor-element elementor-element-f8226b9 elementor-position-left elementor-vertical-align-top elementor-widget elementor-widget-image-box\" data-id=\"f8226b9\" data-element_type=\"widget\" data-widget_type=\"image-box.default\">\n\t\t\t\t<div class=\"elementor-widget-container\">\n\t\t\t\t\t<div class=\"elementor-image-box-wrapper\"><figure class=\"elementor-image-box-img\"><img decoding=\"async\" width=\"1000\" height=\"857\" src=\"https:\/\/www.pastiolot.com\/wp-content\/uploads\/2023\/05\/clientes2.gif\" class=\"attachment-full size-full wp-image-1911\" alt=\"\" \/><\/figure><div class=\"elementor-image-box-content\"><p class=\"elementor-image-box-description\"><b>Engagement envers nos clients<\/b> pour nous adapter \u00e0 leurs besoins tout en conservant la meilleure qualit\u00e9 de nos produits.<\/p><\/div><\/div>\t\t\t\t<\/div>\n\t\t\t\t<\/div>\n\t\t\t\t<div class=\"elementor-element elementor-element-933e9f0 elementor-position-left elementor-vertical-align-top elementor-widget elementor-widget-image-box\" data-id=\"933e9f0\" data-element_type=\"widget\" data-widget_type=\"image-box.default\">\n\t\t\t\t<div class=\"elementor-widget-container\">\n\t\t\t\t\t<div class=\"elementor-image-box-wrapper\"><figure class=\"elementor-image-box-img\"><img decoding=\"async\" width=\"1000\" height=\"857\" src=\"https:\/\/www.pastiolot.com\/wp-content\/uploads\/2023\/05\/llei2.gif\" class=\"attachment-full size-full wp-image-1912\" alt=\"\" \/><\/figure><div class=\"elementor-image-box-content\"><p class=\"elementor-image-box-description\"><b>Engagement envers les normes l\u00e9gales europ\u00e9ennes et espagnoles<\/b>, en assurant le respect total des lois et r\u00e8glementations applicables \u00e0 nos produits et processus et en encourageant le principe de transparence dans les informations relatives \u00e0 notre entreprise et \u00e0 nos produits.<\/p><\/div><\/div>\t\t\t\t<\/div>\n\t\t\t\t<\/div>\n\t\t\t\t<\/div>\n\t\t\t\t\t<\/div>\n\t\t\t\t<\/div>\n\t\t<div class=\"has_eae_slider elementor-element elementor-element-9e01503 e-con-full e-flex e-con e-parent\" data-eae-slider=\"43014\" data-id=\"9e01503\" data-element_type=\"container\" data-settings=\"{&quot;background_background&quot;:&quot;classic&quot;}\">\n\t\t\t\t<\/div>\n\t\t<div class=\"has_eae_slider elementor-element elementor-element-8da409d e-flex e-con-boxed e-con e-parent\" data-eae-slider=\"72400\" data-id=\"8da409d\" data-element_type=\"container\" data-settings=\"{&quot;background_background&quot;:&quot;classic&quot;}\">\n\t\t\t\t\t<div class=\"e-con-inner\">\n\t\t<div class=\"has_eae_slider elementor-element elementor-element-3f9330e e-con-full e-flex e-con e-parent\" data-eae-slider=\"66900\" data-id=\"3f9330e\" data-element_type=\"container\" data-settings=\"{&quot;motion_fx_motion_fx_scrolling&quot;:&quot;yes&quot;,&quot;motion_fx_translateY_effect&quot;:&quot;yes&quot;,&quot;motion_fx_translateY_speed&quot;:{&quot;unit&quot;:&quot;px&quot;,&quot;size&quot;:2,&quot;sizes&quot;:[]},&quot;motion_fx_translateY_affectedRange&quot;:{&quot;unit&quot;:&quot;%&quot;,&quot;size&quot;:&quot;&quot;,&quot;sizes&quot;:{&quot;start&quot;:0,&quot;end&quot;:100}},&quot;motion_fx_devices&quot;:[&quot;desktop&quot;,&quot;tablet&quot;,&quot;mobile&quot;]}\">\n\t\t\t\t<div class=\"elementor-element elementor-element-7d37428 elementor-widget__width-inherit elementor-widget elementor-widget-text-editor\" data-id=\"7d37428\" data-element_type=\"widget\" data-widget_type=\"text-editor.default\">\n\t\t\t\t<div class=\"elementor-widget-container\">\n\t\t\t\t\t\t\t\t\t<p><strong>Pastiolot d\u00e9tient la certification IFS &#8211; norme de qualit\u00e9 reconnue \u00e0 l\u2019\u00e9chelle mondiale.<\/strong><\/p>\n<p>C\u2019est l\u2019une des plus exigeantes qui existe actuellement, reconnue par la GSFI\u00a0(Global Food Safety Initiative).<\/p>\n<p>Elle est n\u00e9e du besoin de disposer d\u2019une norme commune de qualit\u00e9 et de s\u00e9curit\u00e9 alimentaire reconnue \u00e0 l\u2019international. <\/p>\n\t\t\t\t\t\t\t\t<\/div>\n\t\t\t\t<\/div>\n\t\t<div class=\"has_eae_slider elementor-element elementor-element-82351e1 e-flex e-con-boxed e-con e-parent\" data-eae-slider=\"65529\" data-id=\"82351e1\" data-element_type=\"container\">\n\t\t\t\t\t<div class=\"e-con-inner\">\n\t\t\t\t<div class=\"elementor-element elementor-element-f006c1b elementor-align-center elementor-widget__width-auto elementor-hidden-desktop elementor-hidden-tablet elementor-hidden-mobile elementor-widget elementor-widget-button\" data-id=\"f006c1b\" data-element_type=\"widget\" data-settings=\"{&quot;motion_fx_motion_fx_scrolling&quot;:&quot;yes&quot;,&quot;motion_fx_scale_effect&quot;:&quot;yes&quot;,&quot;motion_fx_scale_speed&quot;:{&quot;unit&quot;:&quot;px&quot;,&quot;size&quot;:1,&quot;sizes&quot;:[]},&quot;motion_fx_scale_direction&quot;:&quot;out-in&quot;,&quot;motion_fx_scale_range&quot;:{&quot;unit&quot;:&quot;%&quot;,&quot;size&quot;:&quot;&quot;,&quot;sizes&quot;:{&quot;start&quot;:20,&quot;end&quot;:80}},&quot;motion_fx_devices&quot;:[&quot;desktop&quot;,&quot;tablet&quot;,&quot;mobile&quot;]}\" data-widget_type=\"button.default\">\n\t\t\t\t<div class=\"elementor-widget-container\">\n\t\t\t\t\t\t\t\t\t<div class=\"elementor-button-wrapper\">\n\t\t\t\t\t<a class=\"elementor-button elementor-button-link elementor-size-sm\" href=\"https:\/\/www.pastiolot.com\/wp-content\/uploads\/2023\/06\/POLITICA-PASTIOLOT-V6.pdf\" target=\"_blank\">\n\t\t\t\t\t\t<span class=\"elementor-button-content-wrapper\">\n\t\t\t\t\t\t\t\t\t<span class=\"elementor-button-text\">Politique de qualit\u00e9<\/span>\n\t\t\t\t\t<\/span>\n\t\t\t\t\t<\/a>\n\t\t\t\t<\/div>\n\t\t\t\t\t\t\t\t<\/div>\n\t\t\t\t<\/div>\n\t\t\t\t<div class=\"elementor-element elementor-element-8bc2353 elementor-align-center elementor-widget__width-auto elementor-widget elementor-widget-button\" data-id=\"8bc2353\" data-element_type=\"widget\" data-settings=\"{&quot;motion_fx_motion_fx_scrolling&quot;:&quot;yes&quot;,&quot;motion_fx_scale_effect&quot;:&quot;yes&quot;,&quot;motion_fx_scale_speed&quot;:{&quot;unit&quot;:&quot;px&quot;,&quot;size&quot;:1,&quot;sizes&quot;:[]},&quot;motion_fx_scale_direction&quot;:&quot;out-in&quot;,&quot;motion_fx_scale_range&quot;:{&quot;unit&quot;:&quot;%&quot;,&quot;size&quot;:&quot;&quot;,&quot;sizes&quot;:{&quot;start&quot;:20,&quot;end&quot;:80}},&quot;motion_fx_devices&quot;:[&quot;desktop&quot;,&quot;tablet&quot;,&quot;mobile&quot;]}\" data-widget_type=\"button.default\">\n\t\t\t\t<div class=\"elementor-widget-container\">\n\t\t\t\t\t\t\t\t\t<div class=\"elementor-button-wrapper\">\n\t\t\t\t\t<a class=\"elementor-button elementor-button-link elementor-size-sm\" href=\"https:\/\/www.pastiolot.com\/wp-content\/uploads\/2023\/08\/certificate_381788_en.pdf\" target=\"_blank\">\n\t\t\t\t\t\t<span class=\"elementor-button-content-wrapper\">\n\t\t\t\t\t\t\t\t\t<span class=\"elementor-button-text\">Certificat IFS<\/span>\n\t\t\t\t\t<\/span>\n\t\t\t\t\t<\/a>\n\t\t\t\t<\/div>\n\t\t\t\t\t\t\t\t<\/div>\n\t\t\t\t<\/div>\n\t\t\t\t\t<\/div>\n\t\t\t\t<\/div>\n\t\t\t\t<\/div>\n\t\t<div class=\"has_eae_slider elementor-element elementor-element-7ab6da7 e-flex e-con-boxed e-con e-parent\" data-eae-slider=\"55838\" data-id=\"7ab6da7\" data-element_type=\"container\" data-settings=\"{&quot;motion_fx_motion_fx_scrolling&quot;:&quot;yes&quot;,&quot;motion_fx_translateY_effect&quot;:&quot;yes&quot;,&quot;motion_fx_translateY_speed&quot;:{&quot;unit&quot;:&quot;px&quot;,&quot;size&quot;:2,&quot;sizes&quot;:[]},&quot;motion_fx_translateY_affectedRange&quot;:{&quot;unit&quot;:&quot;%&quot;,&quot;size&quot;:&quot;&quot;,&quot;sizes&quot;:{&quot;start&quot;:0,&quot;end&quot;:100}},&quot;motion_fx_devices&quot;:[&quot;desktop&quot;,&quot;tablet&quot;,&quot;mobile&quot;]}\">\n\t\t\t\t\t<div class=\"e-con-inner\">\n\t\t\t\t<div class=\"elementor-element elementor-element-9c4fbec elementor-widget elementor-widget-image\" data-id=\"9c4fbec\" data-element_type=\"widget\" data-widget_type=\"image.default\">\n\t\t\t\t<div class=\"elementor-widget-container\">\n\t\t\t\t\t\t\t\t\t\t\t\t\t\t\t<img loading=\"lazy\" decoding=\"async\" width=\"552\" height=\"314\" src=\"https:\/\/www.pastiolot.com\/wp-content\/uploads\/2023\/05\/IFS_Food_Box_RGB2.png\" class=\"attachment-full size-full wp-image-3679\" alt=\"\" srcset=\"https:\/\/www.pastiolot.com\/wp-content\/uploads\/2023\/05\/IFS_Food_Box_RGB2.png 552w, https:\/\/www.pastiolot.com\/wp-content\/uploads\/2023\/05\/IFS_Food_Box_RGB2-300x171.png 300w\" sizes=\"(max-width: 552px) 100vw, 552px\" \/>\t\t\t\t\t\t\t\t\t\t\t\t\t\t\t<\/div>\n\t\t\t\t<\/div>\n\t\t\t\t\t<\/div>\n\t\t\t\t<\/div>\n\t\t\t\t\t<\/div>\n\t\t\t\t<\/div>\n\t\t\t\t<\/div>\n\t\t","protected":false},"excerpt":{"rendered":"<p>La qualit\u00e9, notre engagement. Chez Pastiolot, tous les ingr\u00e9dients sont soigneusement s\u00e9lectionn\u00e9s pour offrir la meilleure qualit\u00e9. Notre Engagement Un ferme engagement en faveur de la qualit\u00e9 et de la s\u00e9curit\u00e9 alimentaire, dans le but d\u2019assurer les normes les plus strictes en mati\u00e8re de qualit\u00e9 et de s\u00e9curit\u00e9 alimentaire de nos produits, nous travaillons dans&hellip;&nbsp;<a href=\"https:\/\/www.pastiolot.com\/fr\/qualite\/\" rel=\"bookmark\"><span class=\"screen-reader-text\">Qualit\u00e9<\/span><\/a><\/p>\n","protected":false},"author":1,"featured_media":0,"parent":0,"menu_order":0,"comment_status":"closed","ping_status":"closed","template":"elementor_header_footer","meta":{"_acf_changed":false,"neve_meta_sidebar":"","neve_meta_container":"","neve_meta_enable_content_width":"off","neve_meta_content_width":100,"neve_meta_title_alignment":"","neve_meta_author_avatar":"","neve_post_elements_order":"","neve_meta_disable_header":"","neve_meta_disable_footer":"","neve_meta_disable_title":"","footnotes":""},"class_list":["post-4454","page","type-page","status-publish","hentry"],"acf":[],"yoast_head":"<!-- This site is optimized with the Yoast SEO plugin v25.6 - https:\/\/yoast.com\/wordpress\/plugins\/seo\/ -->\n<title>Qualit\u00e9 - PASTIOLOT<\/title>\n<meta name=\"robots\" content=\"index, follow, max-snippet:-1, max-image-preview:large, max-video-preview:-1\" \/>\n<link rel=\"canonical\" href=\"https:\/\/www.pastiolot.com\/calidad\/\" \/>\n<meta property=\"og:locale\" content=\"fr_FR\" \/>\n<meta property=\"og:type\" content=\"article\" \/>\n<meta property=\"og:title\" content=\"Qualit\u00e9 - PASTIOLOT\" \/>\n<meta property=\"og:description\" content=\"La qualit\u00e9, notre engagement. Chez Pastiolot, tous les ingr\u00e9dients sont soigneusement s\u00e9lectionn\u00e9s pour offrir la meilleure qualit\u00e9. Notre Engagement Un ferme engagement en faveur de la qualit\u00e9 et de la s\u00e9curit\u00e9 alimentaire, dans le but d\u2019assurer les normes les plus strictes en mati\u00e8re de qualit\u00e9 et de s\u00e9curit\u00e9 alimentaire de nos produits, nous travaillons dans&hellip;&nbsp;Qualit\u00e9\" \/>\n<meta property=\"og:url\" content=\"https:\/\/www.pastiolot.com\/calidad\/\" \/>\n<meta property=\"og:site_name\" content=\"PASTIOLOT\" \/>\n<meta property=\"article:modified_time\" content=\"2023-10-20T09:06:43+00:00\" \/>\n<meta property=\"og:image\" content=\"https:\/\/www.pastiolot.com\/wp-content\/uploads\/2023\/05\/calidad2.gif\" \/>\n<meta name=\"twitter:card\" content=\"summary_large_image\" \/>\n<meta name=\"twitter:label1\" content=\"Dur\u00e9e de lecture estim\u00e9e\" \/>\n\t<meta name=\"twitter:data1\" content=\"2 minutes\" \/>\n<script type=\"application\/ld+json\" class=\"yoast-schema-graph\">{\"@context\":\"https:\/\/schema.org\",\"@graph\":[{\"@type\":\"WebPage\",\"@id\":\"https:\/\/www.pastiolot.com\/calidad\/\",\"url\":\"https:\/\/www.pastiolot.com\/calidad\/\",\"name\":\"Qualit\u00e9 - PASTIOLOT\",\"isPartOf\":{\"@id\":\"https:\/\/www.pastiolot.com\/#website\"},\"primaryImageOfPage\":{\"@id\":\"https:\/\/www.pastiolot.com\/calidad\/#primaryimage\"},\"image\":{\"@id\":\"https:\/\/www.pastiolot.com\/calidad\/#primaryimage\"},\"thumbnailUrl\":\"https:\/\/www.pastiolot.com\/wp-content\/uploads\/2023\/05\/calidad2.gif\",\"datePublished\":\"2023-05-26T07:19:34+00:00\",\"dateModified\":\"2023-10-20T09:06:43+00:00\",\"inLanguage\":\"fr-FR\",\"potentialAction\":[{\"@type\":\"ReadAction\",\"target\":[\"https:\/\/www.pastiolot.com\/calidad\/\"]}]},{\"@type\":\"ImageObject\",\"inLanguage\":\"fr-FR\",\"@id\":\"https:\/\/www.pastiolot.com\/calidad\/#primaryimage\",\"url\":\"https:\/\/www.pastiolot.com\/wp-content\/uploads\/2023\/05\/calidad2.gif\",\"contentUrl\":\"https:\/\/www.pastiolot.com\/wp-content\/uploads\/2023\/05\/calidad2.gif\"},{\"@type\":\"WebSite\",\"@id\":\"https:\/\/www.pastiolot.com\/#website\",\"url\":\"https:\/\/www.pastiolot.com\/\",\"name\":\"PASTIOLOT\",\"description\":\"Maestros pasteleros desde 1988\",\"publisher\":{\"@id\":\"https:\/\/www.pastiolot.com\/#organization\"},\"potentialAction\":[{\"@type\":\"SearchAction\",\"target\":{\"@type\":\"EntryPoint\",\"urlTemplate\":\"https:\/\/www.pastiolot.com\/?s={search_term_string}\"},\"query-input\":{\"@type\":\"PropertyValueSpecification\",\"valueRequired\":true,\"valueName\":\"search_term_string\"}}],\"inLanguage\":\"fr-FR\"},{\"@type\":\"Organization\",\"@id\":\"https:\/\/www.pastiolot.com\/#organization\",\"name\":\"PASTIOLOT\",\"url\":\"https:\/\/www.pastiolot.com\/\",\"logo\":{\"@type\":\"ImageObject\",\"inLanguage\":\"fr-FR\",\"@id\":\"https:\/\/www.pastiolot.com\/#\/schema\/logo\/image\/\",\"url\":\"https:\/\/www.pastiolot.com\/wp-content\/uploads\/2023\/03\/logo_pastiolot_v.svg\",\"contentUrl\":\"https:\/\/www.pastiolot.com\/wp-content\/uploads\/2023\/03\/logo_pastiolot_v.svg\",\"width\":622,\"height\":455,\"caption\":\"PASTIOLOT\"},\"image\":{\"@id\":\"https:\/\/www.pastiolot.com\/#\/schema\/logo\/image\/\"},\"sameAs\":[\"https:\/\/www.instagram.com\/pastiolot\/\",\"https:\/\/www.linkedin.com\/company\/pastiolot\/\"]}]}<\/script>\n<!-- \/ Yoast SEO plugin. -->","yoast_head_json":{"title":"Qualit\u00e9 - PASTIOLOT","robots":{"index":"index","follow":"follow","max-snippet":"max-snippet:-1","max-image-preview":"max-image-preview:large","max-video-preview":"max-video-preview:-1"},"canonical":"https:\/\/www.pastiolot.com\/calidad\/","og_locale":"fr_FR","og_type":"article","og_title":"Qualit\u00e9 - PASTIOLOT","og_description":"La qualit\u00e9, notre engagement. Chez Pastiolot, tous les ingr\u00e9dients sont soigneusement s\u00e9lectionn\u00e9s pour offrir la meilleure qualit\u00e9. Notre Engagement Un ferme engagement en faveur de la qualit\u00e9 et de la s\u00e9curit\u00e9 alimentaire, dans le but d\u2019assurer les normes les plus strictes en mati\u00e8re de qualit\u00e9 et de s\u00e9curit\u00e9 alimentaire de nos produits, nous travaillons dans&hellip;&nbsp;Qualit\u00e9","og_url":"https:\/\/www.pastiolot.com\/calidad\/","og_site_name":"PASTIOLOT","article_modified_time":"2023-10-20T09:06:43+00:00","og_image":[{"url":"https:\/\/www.pastiolot.com\/wp-content\/uploads\/2023\/05\/calidad2.gif","type":"","width":"","height":""}],"twitter_card":"summary_large_image","twitter_misc":{"Dur\u00e9e de lecture estim\u00e9e":"2 minutes"},"schema":{"@context":"https:\/\/schema.org","@graph":[{"@type":"WebPage","@id":"https:\/\/www.pastiolot.com\/calidad\/","url":"https:\/\/www.pastiolot.com\/calidad\/","name":"Qualit\u00e9 - PASTIOLOT","isPartOf":{"@id":"https:\/\/www.pastiolot.com\/#website"},"primaryImageOfPage":{"@id":"https:\/\/www.pastiolot.com\/calidad\/#primaryimage"},"image":{"@id":"https:\/\/www.pastiolot.com\/calidad\/#primaryimage"},"thumbnailUrl":"https:\/\/www.pastiolot.com\/wp-content\/uploads\/2023\/05\/calidad2.gif","datePublished":"2023-05-26T07:19:34+00:00","dateModified":"2023-10-20T09:06:43+00:00","inLanguage":"fr-FR","potentialAction":[{"@type":"ReadAction","target":["https:\/\/www.pastiolot.com\/calidad\/"]}]},{"@type":"ImageObject","inLanguage":"fr-FR","@id":"https:\/\/www.pastiolot.com\/calidad\/#primaryimage","url":"https:\/\/www.pastiolot.com\/wp-content\/uploads\/2023\/05\/calidad2.gif","contentUrl":"https:\/\/www.pastiolot.com\/wp-content\/uploads\/2023\/05\/calidad2.gif"},{"@type":"WebSite","@id":"https:\/\/www.pastiolot.com\/#website","url":"https:\/\/www.pastiolot.com\/","name":"PASTIOLOT","description":"Maestros pasteleros desde 1988","publisher":{"@id":"https:\/\/www.pastiolot.com\/#organization"},"potentialAction":[{"@type":"SearchAction","target":{"@type":"EntryPoint","urlTemplate":"https:\/\/www.pastiolot.com\/?s={search_term_string}"},"query-input":{"@type":"PropertyValueSpecification","valueRequired":true,"valueName":"search_term_string"}}],"inLanguage":"fr-FR"},{"@type":"Organization","@id":"https:\/\/www.pastiolot.com\/#organization","name":"PASTIOLOT","url":"https:\/\/www.pastiolot.com\/","logo":{"@type":"ImageObject","inLanguage":"fr-FR","@id":"https:\/\/www.pastiolot.com\/#\/schema\/logo\/image\/","url":"https:\/\/www.pastiolot.com\/wp-content\/uploads\/2023\/03\/logo_pastiolot_v.svg","contentUrl":"https:\/\/www.pastiolot.com\/wp-content\/uploads\/2023\/03\/logo_pastiolot_v.svg","width":622,"height":455,"caption":"PASTIOLOT"},"image":{"@id":"https:\/\/www.pastiolot.com\/#\/schema\/logo\/image\/"},"sameAs":["https:\/\/www.instagram.com\/pastiolot\/","https:\/\/www.linkedin.com\/company\/pastiolot\/"]}]}},"_links":{"self":[{"href":"https:\/\/www.pastiolot.com\/fr\/wp-json\/wp\/v2\/pages\/4454","targetHints":{"allow":["GET"]}}],"collection":[{"href":"https:\/\/www.pastiolot.com\/fr\/wp-json\/wp\/v2\/pages"}],"about":[{"href":"https:\/\/www.pastiolot.com\/fr\/wp-json\/wp\/v2\/types\/page"}],"author":[{"embeddable":true,"href":"https:\/\/www.pastiolot.com\/fr\/wp-json\/wp\/v2\/users\/1"}],"replies":[{"embeddable":true,"href":"https:\/\/www.pastiolot.com\/fr\/wp-json\/wp\/v2\/comments?post=4454"}],"version-history":[{"count":10,"href":"https:\/\/www.pastiolot.com\/fr\/wp-json\/wp\/v2\/pages\/4454\/revisions"}],"predecessor-version":[{"id":5502,"href":"https:\/\/www.pastiolot.com\/fr\/wp-json\/wp\/v2\/pages\/4454\/revisions\/5502"}],"wp:attachment":[{"href":"https:\/\/www.pastiolot.com\/fr\/wp-json\/wp\/v2\/media?parent=4454"}],"curies":[{"name":"wp","href":"https:\/\/api.w.org\/{rel}","templated":true}]}}