{"id":4494,"date":"2021-04-21T08:42:48","date_gmt":"2021-04-21T06:42:48","guid":{"rendered":"https:\/\/www.pastiolot.com\/mention-legale\/"},"modified":"2025-01-09T12:47:43","modified_gmt":"2025-01-09T11:47:43","slug":"mention-legale","status":"publish","type":"page","link":"https:\/\/www.pastiolot.com\/fr\/mention-legale\/","title":{"rendered":"Mention l\u00e9gale"},"content":{"rendered":"\t\t<div data-elementor-type=\"wp-page\" data-elementor-id=\"4494\" class=\"elementor elementor-4494 elementor-56\" data-elementor-post-type=\"page\">\n\t\t\t\t\t\t<section class=\"has_eae_slider elementor-section elementor-top-section elementor-element elementor-element-55d8907 elementor-section-boxed elementor-section-height-default elementor-section-height-default\" data-eae-slider=\"60162\" data-id=\"55d8907\" data-element_type=\"section\">\n\t\t\t\t\t\t<div class=\"elementor-container elementor-column-gap-default\">\n\t\t\t\t\t<div class=\"has_eae_slider elementor-column elementor-col-100 elementor-top-column elementor-element elementor-element-ef7b029\" data-eae-slider=\"70223\" data-id=\"ef7b029\" data-element_type=\"column\">\n\t\t\t<div class=\"elementor-widget-wrap elementor-element-populated\">\n\t\t\t\t\t\t<div class=\"elementor-element elementor-element-991ce04 elementor-widget elementor-widget-text-editor\" data-id=\"991ce04\" data-element_type=\"widget\" data-widget_type=\"text-editor.default\">\n\t\t\t\t<div class=\"elementor-widget-container\">\n\t\t\t\t\t\t\t\t\t<p>Conform\u00e9ment \u00e0 la Loi 34\/2002, relative aux services de la soci\u00e9t\u00e9 de l\u2019information et du commerce \u00e9lectronique, nous vous informons que le pr\u00e9sent site web est la propri\u00e9t\u00e9 de Pa Artes\u00e0 Olot, SL, (ci-apr\u00e8s \u00ab&nbsp;PASTIOLOT \u00bb), CIF num\u00e9ro B17246513, entit\u00e9 domicili\u00e9e C.Vallespir, 15 &#8211; Pol. La Canya de Olot (17800).<\/p>\n<p><strong>PROPRI\u00c9T\u00c9 INTELECTUELLE ET INDUSTRIELLE<\/strong><\/p>\n<p>Les contenus du pr\u00e9sent site, y compris les textes, les images et les conceptions graphiques, appartiennent \u00e0 PASTIOLOT, ou \u00e0 des tiers qui ont autoris\u00e9 leur utilisation. PASTIOLOT pr\u00e9sente ces contenus \u00e0 des fins d\u2019information et de promotion. PASTIOLOT autorise leur utilisation exclusivement \u00e0 ces fins. Toute utilisation de ces conceptions, images ou textes doit mentionner express\u00e9ment qu\u2019ils appartiennent \u00e0 PASTIOLOT, qui se r\u00e9serve le droit d\u2019engager les actions l\u00e9gales appropri\u00e9es pour r\u00e9parer les dommages caus\u00e9s par tout acte qui viole ses droits de propri\u00e9t\u00e9 intellectuelle ou industrielle.<\/p>\n<p class=\"title3 titol text-uppercase\"><strong>EXCLUSION DE RESPONSABILIT\u00c9<\/strong><\/p>\n<p>PASTIOLOT fait tout son possible pour que les donn\u00e9es et les informations propos\u00e9es sur son site soient toujours \u00e0 jour, bien que l\u2019entreprise ne garantisse pas et ne soit pas responsable de l&rsquo;exactitude et de la mise \u00e0 jour des contenus du site, et se r\u00e9serve le droit de modifier ces contenus \u00e0 tout moment. PASTIOLOT n&rsquo;est pas non plus responsable des informations qui peuvent \u00eatre obtenues par le biais des liens inclus dans le site web.<\/p>\n<p>Les relations commerciales avec les clients sont r\u00e9gies par les Conditions g\u00e9n\u00e9rales qui, le cas \u00e9ch\u00e9ant, sont \u00e9tablies par PASTIOLOT dans un document sp\u00e9cifique \u00e0 cet effet, ou par les accords sp\u00e9cifiques qui peuvent \u00eatre convenus avec les clients.<\/p><p>Les images des produits pr\u00e9sent\u00e9s sur ce site web sont uniquement \u00e0 titre illustratif et ont pour but de fournir une suggestion de pr\u00e9sentation. Elles ne constituent pas une obligation contractuelle et peuvent varier en caract\u00e9ristiques, couleur et design. Pour des informations d\u00e9taill\u00e9es sur chaque produit, veuillez consulter la description correspondante.<\/p>\n<p class=\"title3 titol text-uppercase\"><strong>CONDITIONS D\u2019UTILISATION<\/strong><\/p>\n<p>L\u2019utilisation du pr\u00e9sent site implique la pleine acceptation des termes de la pr\u00e9sente mention l\u00e9gale.Tout litige relatif au pr\u00e9sent site web sera r\u00e9gi exclusivement par les lois de l\u2019\u00c9tat espagnol. Tous les utilisateurs du site, quelle que soit la juridiction territoriale \u00e0 partir de laquelle ils y acc\u00e8dent, acceptent de se conformer et de respecter ces clauses, en renon\u00e7ant express\u00e9ment \u00e0 toute autre juridiction \u00e0 laquelle ils pourraient pr\u00e9tendre.<\/p>\t\t\t\t\t\t\t\t<\/div>\n\t\t\t\t<\/div>\n\t\t\t\t\t<\/div>\n\t\t<\/div>\n\t\t\t\t\t<\/div>\n\t\t<\/section>\n\t\t\t\t<\/div>\n\t\t","protected":false},"excerpt":{"rendered":"<p>Conform\u00e9ment \u00e0 la Loi 34\/2002, relative aux services de la soci\u00e9t\u00e9 de l\u2019information et du commerce \u00e9lectronique, nous vous informons que le pr\u00e9sent site web est la propri\u00e9t\u00e9 de Pa Artes\u00e0 Olot, SL, (ci-apr\u00e8s \u00ab&nbsp;PASTIOLOT \u00bb), CIF num\u00e9ro B17246513, entit\u00e9 domicili\u00e9e C.Vallespir, 15 &#8211; Pol. La Canya de Olot (17800). PROPRI\u00c9T\u00c9 INTELECTUELLE ET INDUSTRIELLE Les&hellip;&nbsp;<a href=\"https:\/\/www.pastiolot.com\/fr\/mention-legale\/\" rel=\"bookmark\"><span class=\"screen-reader-text\">Mention l\u00e9gale<\/span><\/a><\/p>\n","protected":false},"author":1,"featured_media":0,"parent":0,"menu_order":0,"comment_status":"closed","ping_status":"closed","template":"elementor_header_footer","meta":{"_acf_changed":false,"neve_meta_sidebar":"","neve_meta_container":"","neve_meta_enable_content_width":"off","neve_meta_content_width":100,"neve_meta_title_alignment":"","neve_meta_author_avatar":"","neve_post_elements_order":"","neve_meta_disable_header":"","neve_meta_disable_footer":"","neve_meta_disable_title":"","footnotes":""},"class_list":["post-4494","page","type-page","status-publish","hentry"],"acf":[],"yoast_head":"<!-- This site is optimized with the Yoast SEO plugin v25.6 - https:\/\/yoast.com\/wordpress\/plugins\/seo\/ -->\n<title>Mention l\u00e9gale - PASTIOLOT<\/title>\n<meta name=\"robots\" content=\"noindex, follow\" \/>\n<meta property=\"og:locale\" content=\"fr_FR\" \/>\n<meta property=\"og:type\" content=\"article\" \/>\n<meta property=\"og:title\" content=\"Mention l\u00e9gale - PASTIOLOT\" \/>\n<meta property=\"og:description\" content=\"Conform\u00e9ment \u00e0 la Loi 34\/2002, relative aux services de la soci\u00e9t\u00e9 de l\u2019information et du commerce \u00e9lectronique, nous vous informons que le pr\u00e9sent site web est la propri\u00e9t\u00e9 de Pa Artes\u00e0 Olot, SL, (ci-apr\u00e8s \u00ab&nbsp;PASTIOLOT \u00bb), CIF num\u00e9ro B17246513, entit\u00e9 domicili\u00e9e C.Vallespir, 15 &#8211; Pol. La Canya de Olot (17800). PROPRI\u00c9T\u00c9 INTELECTUELLE ET INDUSTRIELLE Les&hellip;&nbsp;Mention l\u00e9gale\" \/>\n<meta property=\"og:url\" content=\"https:\/\/www.pastiolot.com\/aviso-legal\/\" \/>\n<meta property=\"og:site_name\" content=\"PASTIOLOT\" \/>\n<meta property=\"article:modified_time\" content=\"2025-01-09T11:47:43+00:00\" \/>\n<meta property=\"og:image\" content=\"https:\/\/www.pastiolot.com\/wp-content\/uploads\/2023\/06\/newsl.jpg\" \/>\n\t<meta property=\"og:image:width\" content=\"800\" \/>\n\t<meta property=\"og:image:height\" content=\"528\" \/>\n\t<meta property=\"og:image:type\" content=\"image\/jpeg\" \/>\n<meta name=\"twitter:card\" content=\"summary_large_image\" \/>\n<meta name=\"twitter:label1\" content=\"Dur\u00e9e de lecture estim\u00e9e\" \/>\n\t<meta name=\"twitter:data1\" content=\"2 minutes\" \/>\n<script type=\"application\/ld+json\" class=\"yoast-schema-graph\">{\"@context\":\"https:\/\/schema.org\",\"@graph\":[{\"@type\":\"WebPage\",\"@id\":\"https:\/\/www.pastiolot.com\/aviso-legal\/\",\"url\":\"https:\/\/www.pastiolot.com\/aviso-legal\/\",\"name\":\"Mention l\u00e9gale - PASTIOLOT\",\"isPartOf\":{\"@id\":\"https:\/\/www.pastiolot.com\/#website\"},\"datePublished\":\"2021-04-21T06:42:48+00:00\",\"dateModified\":\"2025-01-09T11:47:43+00:00\",\"inLanguage\":\"fr-FR\",\"potentialAction\":[{\"@type\":\"ReadAction\",\"target\":[\"https:\/\/www.pastiolot.com\/aviso-legal\/\"]}]},{\"@type\":\"WebSite\",\"@id\":\"https:\/\/www.pastiolot.com\/#website\",\"url\":\"https:\/\/www.pastiolot.com\/\",\"name\":\"PASTIOLOT\",\"description\":\"Maestros pasteleros desde 1988\",\"publisher\":{\"@id\":\"https:\/\/www.pastiolot.com\/#organization\"},\"potentialAction\":[{\"@type\":\"SearchAction\",\"target\":{\"@type\":\"EntryPoint\",\"urlTemplate\":\"https:\/\/www.pastiolot.com\/?s={search_term_string}\"},\"query-input\":{\"@type\":\"PropertyValueSpecification\",\"valueRequired\":true,\"valueName\":\"search_term_string\"}}],\"inLanguage\":\"fr-FR\"},{\"@type\":\"Organization\",\"@id\":\"https:\/\/www.pastiolot.com\/#organization\",\"name\":\"PASTIOLOT\",\"url\":\"https:\/\/www.pastiolot.com\/\",\"logo\":{\"@type\":\"ImageObject\",\"inLanguage\":\"fr-FR\",\"@id\":\"https:\/\/www.pastiolot.com\/#\/schema\/logo\/image\/\",\"url\":\"https:\/\/www.pastiolot.com\/wp-content\/uploads\/2023\/03\/logo_pastiolot_v.svg\",\"contentUrl\":\"https:\/\/www.pastiolot.com\/wp-content\/uploads\/2023\/03\/logo_pastiolot_v.svg\",\"width\":622,\"height\":455,\"caption\":\"PASTIOLOT\"},\"image\":{\"@id\":\"https:\/\/www.pastiolot.com\/#\/schema\/logo\/image\/\"},\"sameAs\":[\"https:\/\/www.instagram.com\/pastiolot\/\",\"https:\/\/www.linkedin.com\/company\/pastiolot\/\"]}]}<\/script>\n<!-- \/ Yoast SEO plugin. -->","yoast_head_json":{"title":"Mention l\u00e9gale - PASTIOLOT","robots":{"index":"noindex","follow":"follow"},"og_locale":"fr_FR","og_type":"article","og_title":"Mention l\u00e9gale - PASTIOLOT","og_description":"Conform\u00e9ment \u00e0 la Loi 34\/2002, relative aux services de la soci\u00e9t\u00e9 de l\u2019information et du commerce \u00e9lectronique, nous vous informons que le pr\u00e9sent site web est la propri\u00e9t\u00e9 de Pa Artes\u00e0 Olot, SL, (ci-apr\u00e8s \u00ab&nbsp;PASTIOLOT \u00bb), CIF num\u00e9ro B17246513, entit\u00e9 domicili\u00e9e C.Vallespir, 15 &#8211; Pol. La Canya de Olot (17800). PROPRI\u00c9T\u00c9 INTELECTUELLE ET INDUSTRIELLE Les&hellip;&nbsp;Mention l\u00e9gale","og_url":"https:\/\/www.pastiolot.com\/aviso-legal\/","og_site_name":"PASTIOLOT","article_modified_time":"2025-01-09T11:47:43+00:00","og_image":[{"width":800,"height":528,"url":"https:\/\/www.pastiolot.com\/wp-content\/uploads\/2023\/06\/newsl.jpg","type":"image\/jpeg"}],"twitter_card":"summary_large_image","twitter_misc":{"Dur\u00e9e de lecture estim\u00e9e":"2 minutes"},"schema":{"@context":"https:\/\/schema.org","@graph":[{"@type":"WebPage","@id":"https:\/\/www.pastiolot.com\/aviso-legal\/","url":"https:\/\/www.pastiolot.com\/aviso-legal\/","name":"Mention l\u00e9gale - PASTIOLOT","isPartOf":{"@id":"https:\/\/www.pastiolot.com\/#website"},"datePublished":"2021-04-21T06:42:48+00:00","dateModified":"2025-01-09T11:47:43+00:00","inLanguage":"fr-FR","potentialAction":[{"@type":"ReadAction","target":["https:\/\/www.pastiolot.com\/aviso-legal\/"]}]},{"@type":"WebSite","@id":"https:\/\/www.pastiolot.com\/#website","url":"https:\/\/www.pastiolot.com\/","name":"PASTIOLOT","description":"Maestros pasteleros desde 1988","publisher":{"@id":"https:\/\/www.pastiolot.com\/#organization"},"potentialAction":[{"@type":"SearchAction","target":{"@type":"EntryPoint","urlTemplate":"https:\/\/www.pastiolot.com\/?s={search_term_string}"},"query-input":{"@type":"PropertyValueSpecification","valueRequired":true,"valueName":"search_term_string"}}],"inLanguage":"fr-FR"},{"@type":"Organization","@id":"https:\/\/www.pastiolot.com\/#organization","name":"PASTIOLOT","url":"https:\/\/www.pastiolot.com\/","logo":{"@type":"ImageObject","inLanguage":"fr-FR","@id":"https:\/\/www.pastiolot.com\/#\/schema\/logo\/image\/","url":"https:\/\/www.pastiolot.com\/wp-content\/uploads\/2023\/03\/logo_pastiolot_v.svg","contentUrl":"https:\/\/www.pastiolot.com\/wp-content\/uploads\/2023\/03\/logo_pastiolot_v.svg","width":622,"height":455,"caption":"PASTIOLOT"},"image":{"@id":"https:\/\/www.pastiolot.com\/#\/schema\/logo\/image\/"},"sameAs":["https:\/\/www.instagram.com\/pastiolot\/","https:\/\/www.linkedin.com\/company\/pastiolot\/"]}]}},"_links":{"self":[{"href":"https:\/\/www.pastiolot.com\/fr\/wp-json\/wp\/v2\/pages\/4494","targetHints":{"allow":["GET"]}}],"collection":[{"href":"https:\/\/www.pastiolot.com\/fr\/wp-json\/wp\/v2\/pages"}],"about":[{"href":"https:\/\/www.pastiolot.com\/fr\/wp-json\/wp\/v2\/types\/page"}],"author":[{"embeddable":true,"href":"https:\/\/www.pastiolot.com\/fr\/wp-json\/wp\/v2\/users\/1"}],"replies":[{"embeddable":true,"href":"https:\/\/www.pastiolot.com\/fr\/wp-json\/wp\/v2\/comments?post=4494"}],"version-history":[{"count":4,"href":"https:\/\/www.pastiolot.com\/fr\/wp-json\/wp\/v2\/pages\/4494\/revisions"}],"predecessor-version":[{"id":6878,"href":"https:\/\/www.pastiolot.com\/fr\/wp-json\/wp\/v2\/pages\/4494\/revisions\/6878"}],"wp:attachment":[{"href":"https:\/\/www.pastiolot.com\/fr\/wp-json\/wp\/v2\/media?parent=4494"}],"curies":[{"name":"wp","href":"https:\/\/api.w.org\/{rel}","templated":true}]}}