{"id":4506,"date":"2021-04-21T07:39:55","date_gmt":"2021-04-21T05:39:55","guid":{"rendered":"https:\/\/www.pastiolot.com\/politique-de-confidentialite\/"},"modified":"2023-07-25T09:45:13","modified_gmt":"2023-07-25T07:45:13","slug":"politique-de-confidentialite","status":"publish","type":"page","link":"https:\/\/www.pastiolot.com\/fr\/politique-de-confidentialite\/","title":{"rendered":"Politique de confidentialit\u00e9"},"content":{"rendered":"\t\t<div data-elementor-type=\"wp-page\" data-elementor-id=\"4506\" class=\"elementor elementor-4506 elementor-3\" data-elementor-post-type=\"page\">\n\t\t\t\t\t\t<section class=\"has_eae_slider elementor-section elementor-top-section elementor-element elementor-element-4bb98640 elementor-section-boxed elementor-section-height-default elementor-section-height-default\" data-eae-slider=\"75138\" data-id=\"4bb98640\" data-element_type=\"section\">\n\t\t\t\t\t\t<div class=\"elementor-container elementor-column-gap-default\">\n\t\t\t\t\t<div class=\"has_eae_slider elementor-column elementor-col-100 elementor-top-column elementor-element elementor-element-7bb97935\" data-eae-slider=\"23645\" data-id=\"7bb97935\" data-element_type=\"column\">\n\t\t\t<div class=\"elementor-widget-wrap elementor-element-populated\">\n\t\t\t\t\t\t<div class=\"elementor-element elementor-element-55ef91f8 elementor-widget elementor-widget-text-editor\" data-id=\"55ef91f8\" data-element_type=\"widget\" data-widget_type=\"text-editor.default\">\n\t\t\t\t<div class=\"elementor-widget-container\">\n\t\t\t\t\t\t\t\t\t<p>PASTIOLOT s\u2019engage \u00e0 prot\u00e9ger la confidentialit\u00e9 des utilisateurs qui acc\u00e8dent \u00e0 ce site web et\/ou \u00e0 l\u2019un de ses services. L\u2019utilisation du site web et\/ou de l\u2019un des services offerts par PASTIOLOT implique l\u2019acceptation par l\u2019utilisateur des dispositions contenues dans la pr\u00e9sente politique de confidentialit\u00e9 et que ses donn\u00e9es personnelles seront trait\u00e9es comme stipul\u00e9 dans celle-ci. Veuillez noter que, bien qu\u2019il puisse y avoir des liens de notre site web vers d\u2019autres sites web ou r\u00e9seaux sociaux, cette politique de confidentialit\u00e9 ne s\u2019applique pas aux sites web d\u2019autres entreprises ou organisations vers lesquels le site web est redirig\u00e9. PASTIOLOT ne contr\u00f4le pas le contenu des sites web de tiers et n\u2019assume aucune responsabilit\u00e9 quant au contenu ou aux politiques de confidentialit\u00e9 de ces sites web. <\/p>\n<p class=\"title3 titol \"><strong>Information de base sur le traitement des donn\u00e9es (R\u00e8glement (UE) 2016\/679 et LO 3\/2018)<\/strong><\/p>\n<ul class=\" \">\n<li>\n<div class=\"cont\">\n<p><span class=\"text-bold \">Responsable du traitement :<\/span> PASTIOLOT. Nos donn\u00e9es figurent dans la <a href=\"https:\/\/www.pastiolot.com\/fr\/mention-legale\/\" target=\"_blank\" rel=\"noopener\">mention l\u00e9gale<\/a>\u00a0de ce site web.<\/p>\n<\/div>\n<\/li>\n<li>\n<div class=\"cont\">\n<p><span class=\"text-bold \">Finalit\u00e9 du traitement :<\/span>\u00a0offrir et g\u00e9rer nos produits et\/ou services.<\/p>\n<\/div>\n<\/li>\n<li>\n<div class=\"cont\">\n<p><span class=\"text-bold \">Base l\u00e9gitime : <\/span>\u00a0Consentement de l\u2019int\u00e9ress\u00e9. Ex\u00e9cution du contrat de services. <\/p>\n<\/div>\n<\/li>\n<li>\n<div class=\"cont\">\n<p><span class=\"text-bold \">Destinataires :<\/span>\u00a0les donn\u00e9es ne seront pas communiqu\u00e9es \u00e0 des tiers sauf si la loi l\u2019exige ou si cela est n\u00e9cessaire pour la finalit\u00e9 du traitement.<\/p>\n<\/div>\n<\/li>\n<li>\n<div class=\"cont\">\n<p><span class=\"text-bold \">Droits des personnes :<\/span>\u00a0les int\u00e9ress\u00e9s peuvent exercer leurs droits d\u2019acc\u00e8s, de rectification, de limitation au traitement, de suppression, de portabilit\u00e9 et d\u2019opposition en envoyant leur demande \u00e0 notre adresse<\/p>\n<\/div>\n<\/li>\n<li>\n<div class=\"cont\">\n<p><span class=\"text-bold \">D\u00e9lai de conservation des donn\u00e9es :<\/span>\u00a0tout le temps de la relation commerciale ou durant les ann\u00e9es n\u00e9cessaires au respect des obligations l\u00e9gales.<\/p>\n<\/div>\n<\/li>\n<li>\n<div class=\"cont\">\n<p><span class=\"text-bold \">R\u00e9clamation :<\/span>\u00a0les int\u00e9ress\u00e9s peuvent s\u2019adresser \u00e0 l\u2019Agence espagnole de protection des donn\u00e9es pour pr\u00e9senter la r\u00e9clamation qu\u2019ils jugent opportune.<\/p>\n<\/div>\n<\/li>\n<li>\n<div class=\"cont\">\n<p><span class=\"text-bold \">Information compl\u00e9mentaire :<\/span>\u00a0vous pouvez consulter les informations compl\u00e9mentaires et d\u00e9taill\u00e9es comme suit dans les \u00ab\u00a0Question sur la confidentialit\u00e9\u00a0\u00bb .<\/p>\n<\/div>\n<\/li>\n<\/ul>\n<p class=\"title3 titol text-uppercase\"><strong>QUESTIONS SUR LA CONFIDENTIALIT\u00c9<\/strong><\/p>\n<p>Conform\u00e9ment au r\u00e8glement (UE) 2016\/679 du Parlement europ\u00e9en et du Conseil du 27 avril 2016 (GDPR) et \u00e0 la loi organique 3\/2018 du 5 d\u00e9cembre sur la protection des donn\u00e9es \u00e0 caract\u00e8re personnel et la garantie des droits num\u00e9riques (LOPDGDD), nous vous fournissons les informations suivantes sur le traitement de vos donn\u00e9es \u00e0 caract\u00e8re personnel :<\/p>\n<p class=\"title4 titol \"><strong>Qui est responsable du traitement de vos donn\u00e9es ? <\/strong><\/p>\n<p>PASTIOLOT.<br \/>Nos donn\u00e9es figurent dans la <a href=\"https:\/\/www.pastiolot.com\/es\/aviso-legal\/\" target=\"_blank\" rel=\"noopener\">mention l\u00e9gale<\/a>\u00a0de ce site web.<\/p>\n<p class=\"title4 titol \"><strong>Quelle est la finalit\u00e9 du traitement de vos donn\u00e9es personnelles ?<\/strong><\/p>\n<ul class=\" \">\n<li>\n<div class=\"cont\">\n<p>Nous traitons les informations qui nous sont communiqu\u00e9es afin de fournir et de facturer nos services et produits.<\/p>\n<\/div>\n<\/li>\n<li>\n<div class=\"cont\">\n<p>Si vous nous donnez votre accord, nous pouvons \u00e9galement traiter vos donn\u00e9es pour vous envoyer des informations sur nos activit\u00e9s, nos services et nos produits<\/p>\n<\/div>\n<\/li>\n<li>\n<div class=\"cont\">\n<p>Si vous participez \u00e0 l&rsquo;un de nos tirages au sort et\/ou concours, nous publierons vos nom et pr\u00e9nom, ainsi que votre image, dans les diff\u00e9rents espaces et m\u00e9dias que nous utilisons, y compris les r\u00e9seaux sociaux, afin de promouvoir nos activit\u00e9s, services et produits.<\/p>\n<\/div>\n<\/li>\n<\/ul>\n<p class=\"title4 titol \"><strong>Dur\u00e9e de conservation des donn\u00e9es<\/strong><\/p>\n<p>Les donn\u00e9es personnelles fournies seront conserv\u00e9es aussi longtemps que vous utiliserez nos services ou que vous souhaiterez recevoir des informations, et si vous participez \u00e0 une promotion, aussi longtemps qu&rsquo;elle sera active, et ensuite aussi longtemps que cela sera n\u00e9cessaire pour respecter nos obligations l\u00e9gales.<\/p>\n<p class=\"title4 titol \"><strong>Quelle est la base l\u00e9gale pour le traitement de vos donn\u00e9es ?<\/strong><\/p>\n<p>La base juridique du traitement de vos donn\u00e9es est le consentement que vous nous donnez.<\/p>\n<p>En ce qui concerne les informations qui nous sont envoy\u00e9es par des mineurs de moins de 16 ans, il sera entendu qu&rsquo;elles ont \u00e9t\u00e9 envoy\u00e9es avec le consentement de leurs repr\u00e9sentants l\u00e9gaux. Si ce n&rsquo;est pas le cas, le repr\u00e9sentant l\u00e9gal de l&rsquo;enfant doit nous en informer d\u00e8s qu&rsquo;il en a connaissance.<\/p>\n<p class=\"title4 titol \"><strong>\u00c0 quels destinataires vos donn\u00e9es seront-elles communiqu\u00e9es ? <\/strong><\/p>\n<p>Les donn\u00e9es ne seront pas divulgu\u00e9es \u00e0 des tiers, sauf si la loi l&rsquo;exige ou si cela est n\u00e9cessaire pour atteindre l&rsquo;objectif du traitement.<\/p>\n<p class=\"title4 titol \"><strong>Quels sont vos droits lorsque vous nous fournissez vos donn\u00e9es ?<\/strong><\/p>\n<ul class=\" \">\n<li>\n<div class=\"cont\">\n<p>Toute personne a le droit d&rsquo;obtenir la confirmation que nous traitons ou non ses donn\u00e9es \u00e0 caract\u00e8re personnel.<\/p>\n<\/div>\n<\/li>\n<li>\n<div class=\"cont\">\n<p>Les personnes concern\u00e9es ont le droit d&rsquo;acc\u00e9der \u00e0 leurs donn\u00e9es \u00e0 caract\u00e8re personnel, ainsi que de demander la rectification des donn\u00e9es inexactes ou, le cas \u00e9ch\u00e9ant, de demander leur suppression lorsque, entre autres raisons, les donn\u00e9es ne sont plus n\u00e9cessaires aux fins pour lesquelles elles ont \u00e9t\u00e9 collect\u00e9es.<\/p>\n<\/div>\n<\/li>\n<li>\n<div class=\"cont\">\n<p>Dans certaines circonstances, les personnes concern\u00e9es peuvent demander la limitation du traitement de leurs donn\u00e9es, auquel cas nous les conserverons uniquement pour l&rsquo;exercice ou la d\u00e9fense de droits.<\/p>\n<\/div>\n<\/li>\n<li>\n<div class=\"cont\">\n<p>En outre, dans certaines circonstances et pour des raisons tenant \u00e0 leur situation particuli\u00e8re, les personnes concern\u00e9es peuvent s&rsquo;opposer au traitement de leurs donn\u00e9es.<\/p>\n<\/div>\n<\/li>\n<li>\n<div class=\"cont\">\n<p>Les personnes concern\u00e9es ont \u00e9galement le droit \u00e0 la portabilit\u00e9 des donn\u00e9es.<\/p>\n<\/div>\n<\/li>\n<li>\n<div class=\"cont\">\n<p>Enfin, les personnes concern\u00e9es ont le droit d&rsquo;introduire une r\u00e9clamation aupr\u00e8s de l&rsquo;autorit\u00e9 de contr\u00f4le comp\u00e9tente.<\/p>\n<\/div>\n<\/li>\n<\/ul>\n<p class=\"title4 titol \"><strong>Comment exercer vos droits ?<\/strong><\/p>\n<p>En envoyant une lettre accompagn\u00e9e d&rsquo;une copie d&rsquo;un document permettant de vous identifier \u00e0 notre adresse physique ou \u00e9lectronique.<\/p>\n<p class=\"title4 titol text-bold \">Comment avons-nous obtenu vos donn\u00e9es ?<\/p>\n<p>Les donn\u00e9es personnelles que nous traitons proviennent de la personne concern\u00e9e elle-m\u00eame. L&rsquo;int\u00e9ress\u00e9 garantit la v\u00e9racit\u00e9 des donn\u00e9es personnelles fournies et est responsable de la communication de toute modification de ces donn\u00e9es. Les donn\u00e9es marqu\u00e9es d&rsquo;un ast\u00e9risque sont obligatoires pour fournir le service demand\u00e9.<\/p>\n<p class=\"title4 titol \"><strong>Quelles sont les donn\u00e9es que nous traitons ?<\/strong><\/p>\n<p>Les cat\u00e9gories de donn\u00e9es que nous pouvons traiter dans le cadre de nos services sont les suivantes :<\/p>\n<ul class=\" \">\n<li>\n<div class=\"cont\">\n<p>donn\u00e9es d\u2019identification<\/p>\n<\/div>\n<\/li>\n<li>\n<div class=\"cont\">\n<p>Adresses postales ou \u00e9lectroniques <\/p>\n<\/div>\n<\/li>\n<li>\n<div class=\"cont\">\n<p>Autres donn\u00e9es demand\u00e9es dans nos formulaires<\/p>\n<\/div>\n<\/li>\n<\/ul>\n<p>Les donn\u00e9es sont limit\u00e9es, car nous ne traitons que les donn\u00e9es n\u00e9cessaires \u00e0 la fourniture de nos services et \u00e0 la gestion de notre entreprise.<\/p>\n<p class=\"title4 titol \"><strong>Utilisons-nous des cookies ?<\/strong><\/p>\n<p>Nous utilisons des cookies lors de la navigation sur notre site web avec le consentement \u00e9clair\u00e9 de l&rsquo;utilisateur. L&rsquo;utilisateur peut configurer son navigateur pour \u00eatre inform\u00e9 de l&rsquo;utilisation de cookies et pour emp\u00eacher leur utilisation. Pour plus d&rsquo;informations, consultez notre <a href=\"https:\/\/www.pastiolot.com\/es\/politica-de-cookies\/\" target=\"_blank\" rel=\"noopener\">politique en mati\u00e8re de cookies<\/a>.<\/p>\n<p class=\"title4 titol \"><strong>Quelles sont les mesures de s\u00e9curit\u00e9 que nous appliquons ?<\/strong><\/p>\n<p>Nous appliquons les mesures de s\u00e9curit\u00e9 \u00e9tablies \u00e0 l&rsquo;article 32 du GDPR, nous avons donc adopt\u00e9 les mesures de s\u00e9curit\u00e9 n\u00e9cessaires pour assurer un niveau de s\u00e9curit\u00e9 appropri\u00e9 au risque du traitement des donn\u00e9es que nous effectuons, avec des m\u00e9canismes qui nous permettent de garantir la confidentialit\u00e9, l&rsquo;int\u00e9grit\u00e9, la disponibilit\u00e9 et la r\u00e9silience permanente des syst\u00e8mes et des services de traitement<\/p>\n<p>Parmi ces mesures :<\/p>\n<ul class=\" \">\n<li>\n<div class=\"cont\">\n<p>informer le personnel des politiques de traitement des donn\u00e9es.<\/p>\n<\/div>\n<\/li>\n<li>\n<div class=\"cont\">\n<p>Effectuer des sauvegardes r\u00e9guli\u00e8res.<\/p>\n<\/div>\n<\/li>\n<li>\n<div class=\"cont\">\n<p>Contr\u00f4ler l\u2019acc\u00e8s aux donn\u00e9es.<\/p>\n<\/div>\n<\/li>\n<li>\n<div class=\"cont\">\n<p>Effectuer des processus r\u00e9guliers de v\u00e9rification, d\u2019\u00e9valuation et d\u2019estimation.<\/p>\n<\/div>\n<\/li>\n<\/ul>\n\t\t\t\t\t\t\t\t<\/div>\n\t\t\t\t<\/div>\n\t\t\t\t\t<\/div>\n\t\t<\/div>\n\t\t\t\t\t<\/div>\n\t\t<\/section>\n\t\t\t\t<\/div>\n\t\t","protected":false},"excerpt":{"rendered":"<p>PASTIOLOT s\u2019engage \u00e0 prot\u00e9ger la confidentialit\u00e9 des utilisateurs qui acc\u00e8dent \u00e0 ce site web et\/ou \u00e0 l\u2019un de ses services. L\u2019utilisation du site web et\/ou de l\u2019un des services offerts par PASTIOLOT implique l\u2019acceptation par l\u2019utilisateur des dispositions contenues dans la pr\u00e9sente politique de confidentialit\u00e9 et que ses donn\u00e9es personnelles seront trait\u00e9es comme stipul\u00e9 dans&hellip;&nbsp;<a href=\"https:\/\/www.pastiolot.com\/fr\/politique-de-confidentialite\/\" rel=\"bookmark\"><span class=\"screen-reader-text\">Politique de confidentialit\u00e9<\/span><\/a><\/p>\n","protected":false},"author":1,"featured_media":0,"parent":0,"menu_order":0,"comment_status":"closed","ping_status":"closed","template":"elementor_header_footer","meta":{"_acf_changed":false,"neve_meta_sidebar":"","neve_meta_container":"","neve_meta_enable_content_width":"","neve_meta_content_width":0,"neve_meta_title_alignment":"","neve_meta_author_avatar":"","neve_post_elements_order":"","neve_meta_disable_header":"","neve_meta_disable_footer":"","neve_meta_disable_title":"","footnotes":""},"class_list":["post-4506","page","type-page","status-publish","hentry"],"acf":[],"yoast_head":"<!-- This site is optimized with the Yoast SEO plugin v25.6 - https:\/\/yoast.com\/wordpress\/plugins\/seo\/ -->\n<title>Politique de confidentialit\u00e9 - PASTIOLOT<\/title>\n<meta name=\"robots\" content=\"noindex, follow\" \/>\n<meta property=\"og:locale\" content=\"fr_FR\" \/>\n<meta property=\"og:type\" content=\"article\" \/>\n<meta property=\"og:title\" content=\"Politique de confidentialit\u00e9 - PASTIOLOT\" \/>\n<meta property=\"og:description\" content=\"PASTIOLOT s\u2019engage \u00e0 prot\u00e9ger la confidentialit\u00e9 des utilisateurs qui acc\u00e8dent \u00e0 ce site web et\/ou \u00e0 l\u2019un de ses services. L\u2019utilisation du site web et\/ou de l\u2019un des services offerts par PASTIOLOT implique l\u2019acceptation par l\u2019utilisateur des dispositions contenues dans la pr\u00e9sente politique de confidentialit\u00e9 et que ses donn\u00e9es personnelles seront trait\u00e9es comme stipul\u00e9 dans&hellip;&nbsp;Politique de confidentialit\u00e9\" \/>\n<meta property=\"og:url\" content=\"https:\/\/www.pastiolot.com\/politica-privacidad\/\" \/>\n<meta property=\"og:site_name\" content=\"PASTIOLOT\" \/>\n<meta property=\"article:modified_time\" content=\"2023-07-25T07:45:13+00:00\" \/>\n<meta property=\"og:image\" content=\"https:\/\/www.pastiolot.com\/wp-content\/uploads\/2023\/06\/newsl.jpg\" \/>\n\t<meta property=\"og:image:width\" content=\"800\" \/>\n\t<meta property=\"og:image:height\" content=\"528\" \/>\n\t<meta property=\"og:image:type\" content=\"image\/jpeg\" \/>\n<meta name=\"twitter:card\" content=\"summary_large_image\" \/>\n<meta name=\"twitter:label1\" content=\"Dur\u00e9e de lecture estim\u00e9e\" \/>\n\t<meta name=\"twitter:data1\" content=\"6 minutes\" \/>\n<script type=\"application\/ld+json\" class=\"yoast-schema-graph\">{\"@context\":\"https:\/\/schema.org\",\"@graph\":[{\"@type\":\"WebPage\",\"@id\":\"https:\/\/www.pastiolot.com\/politica-privacidad\/\",\"url\":\"https:\/\/www.pastiolot.com\/politica-privacidad\/\",\"name\":\"Politique de confidentialit\u00e9 - PASTIOLOT\",\"isPartOf\":{\"@id\":\"https:\/\/www.pastiolot.com\/#website\"},\"datePublished\":\"2021-04-21T05:39:55+00:00\",\"dateModified\":\"2023-07-25T07:45:13+00:00\",\"inLanguage\":\"fr-FR\",\"potentialAction\":[{\"@type\":\"ReadAction\",\"target\":[\"https:\/\/www.pastiolot.com\/politica-privacidad\/\"]}]},{\"@type\":\"WebSite\",\"@id\":\"https:\/\/www.pastiolot.com\/#website\",\"url\":\"https:\/\/www.pastiolot.com\/\",\"name\":\"PASTIOLOT\",\"description\":\"Maestros pasteleros desde 1988\",\"publisher\":{\"@id\":\"https:\/\/www.pastiolot.com\/#organization\"},\"potentialAction\":[{\"@type\":\"SearchAction\",\"target\":{\"@type\":\"EntryPoint\",\"urlTemplate\":\"https:\/\/www.pastiolot.com\/?s={search_term_string}\"},\"query-input\":{\"@type\":\"PropertyValueSpecification\",\"valueRequired\":true,\"valueName\":\"search_term_string\"}}],\"inLanguage\":\"fr-FR\"},{\"@type\":\"Organization\",\"@id\":\"https:\/\/www.pastiolot.com\/#organization\",\"name\":\"PASTIOLOT\",\"url\":\"https:\/\/www.pastiolot.com\/\",\"logo\":{\"@type\":\"ImageObject\",\"inLanguage\":\"fr-FR\",\"@id\":\"https:\/\/www.pastiolot.com\/#\/schema\/logo\/image\/\",\"url\":\"https:\/\/www.pastiolot.com\/wp-content\/uploads\/2023\/03\/logo_pastiolot_v.svg\",\"contentUrl\":\"https:\/\/www.pastiolot.com\/wp-content\/uploads\/2023\/03\/logo_pastiolot_v.svg\",\"width\":622,\"height\":455,\"caption\":\"PASTIOLOT\"},\"image\":{\"@id\":\"https:\/\/www.pastiolot.com\/#\/schema\/logo\/image\/\"},\"sameAs\":[\"https:\/\/www.instagram.com\/pastiolot\/\",\"https:\/\/www.linkedin.com\/company\/pastiolot\/\"]}]}<\/script>\n<!-- \/ Yoast SEO plugin. -->","yoast_head_json":{"title":"Politique de confidentialit\u00e9 - PASTIOLOT","robots":{"index":"noindex","follow":"follow"},"og_locale":"fr_FR","og_type":"article","og_title":"Politique de confidentialit\u00e9 - PASTIOLOT","og_description":"PASTIOLOT s\u2019engage \u00e0 prot\u00e9ger la confidentialit\u00e9 des utilisateurs qui acc\u00e8dent \u00e0 ce site web et\/ou \u00e0 l\u2019un de ses services. L\u2019utilisation du site web et\/ou de l\u2019un des services offerts par PASTIOLOT implique l\u2019acceptation par l\u2019utilisateur des dispositions contenues dans la pr\u00e9sente politique de confidentialit\u00e9 et que ses donn\u00e9es personnelles seront trait\u00e9es comme stipul\u00e9 dans&hellip;&nbsp;Politique de confidentialit\u00e9","og_url":"https:\/\/www.pastiolot.com\/politica-privacidad\/","og_site_name":"PASTIOLOT","article_modified_time":"2023-07-25T07:45:13+00:00","og_image":[{"width":800,"height":528,"url":"https:\/\/www.pastiolot.com\/wp-content\/uploads\/2023\/06\/newsl.jpg","type":"image\/jpeg"}],"twitter_card":"summary_large_image","twitter_misc":{"Dur\u00e9e de lecture estim\u00e9e":"6 minutes"},"schema":{"@context":"https:\/\/schema.org","@graph":[{"@type":"WebPage","@id":"https:\/\/www.pastiolot.com\/politica-privacidad\/","url":"https:\/\/www.pastiolot.com\/politica-privacidad\/","name":"Politique de confidentialit\u00e9 - PASTIOLOT","isPartOf":{"@id":"https:\/\/www.pastiolot.com\/#website"},"datePublished":"2021-04-21T05:39:55+00:00","dateModified":"2023-07-25T07:45:13+00:00","inLanguage":"fr-FR","potentialAction":[{"@type":"ReadAction","target":["https:\/\/www.pastiolot.com\/politica-privacidad\/"]}]},{"@type":"WebSite","@id":"https:\/\/www.pastiolot.com\/#website","url":"https:\/\/www.pastiolot.com\/","name":"PASTIOLOT","description":"Maestros pasteleros desde 1988","publisher":{"@id":"https:\/\/www.pastiolot.com\/#organization"},"potentialAction":[{"@type":"SearchAction","target":{"@type":"EntryPoint","urlTemplate":"https:\/\/www.pastiolot.com\/?s={search_term_string}"},"query-input":{"@type":"PropertyValueSpecification","valueRequired":true,"valueName":"search_term_string"}}],"inLanguage":"fr-FR"},{"@type":"Organization","@id":"https:\/\/www.pastiolot.com\/#organization","name":"PASTIOLOT","url":"https:\/\/www.pastiolot.com\/","logo":{"@type":"ImageObject","inLanguage":"fr-FR","@id":"https:\/\/www.pastiolot.com\/#\/schema\/logo\/image\/","url":"https:\/\/www.pastiolot.com\/wp-content\/uploads\/2023\/03\/logo_pastiolot_v.svg","contentUrl":"https:\/\/www.pastiolot.com\/wp-content\/uploads\/2023\/03\/logo_pastiolot_v.svg","width":622,"height":455,"caption":"PASTIOLOT"},"image":{"@id":"https:\/\/www.pastiolot.com\/#\/schema\/logo\/image\/"},"sameAs":["https:\/\/www.instagram.com\/pastiolot\/","https:\/\/www.linkedin.com\/company\/pastiolot\/"]}]}},"_links":{"self":[{"href":"https:\/\/www.pastiolot.com\/fr\/wp-json\/wp\/v2\/pages\/4506","targetHints":{"allow":["GET"]}}],"collection":[{"href":"https:\/\/www.pastiolot.com\/fr\/wp-json\/wp\/v2\/pages"}],"about":[{"href":"https:\/\/www.pastiolot.com\/fr\/wp-json\/wp\/v2\/types\/page"}],"author":[{"embeddable":true,"href":"https:\/\/www.pastiolot.com\/fr\/wp-json\/wp\/v2\/users\/1"}],"replies":[{"embeddable":true,"href":"https:\/\/www.pastiolot.com\/fr\/wp-json\/wp\/v2\/comments?post=4506"}],"version-history":[{"count":1,"href":"https:\/\/www.pastiolot.com\/fr\/wp-json\/wp\/v2\/pages\/4506\/revisions"}],"predecessor-version":[{"id":4507,"href":"https:\/\/www.pastiolot.com\/fr\/wp-json\/wp\/v2\/pages\/4506\/revisions\/4507"}],"wp:attachment":[{"href":"https:\/\/www.pastiolot.com\/fr\/wp-json\/wp\/v2\/media?parent=4506"}],"curies":[{"name":"wp","href":"https:\/\/api.w.org\/{rel}","templated":true}]}}